{"id":1545,"date":"2026-03-05T13:12:50","date_gmt":"2026-03-05T13:12:50","guid":{"rendered":"https:\/\/silm.orgo.ee\/%d0%b2%d0%be%d0%bf%d1%80%d0%be%d1%81%d1%8b-%d0%b8-%d0%be%d1%82%d0%b2%d0%b5%d1%82%d1%8b-%d0%bf%d0%be-%d0%bb%d0%b0%d0%b7%d0%b5%d1%80%d0%bd%d0%be%d0%b9-%d0%ba%d0%be%d1%80%d1%80%d0%b5%d0%ba%d1%86%d0%b8\/"},"modified":"2026-04-17T16:20:22","modified_gmt":"2026-04-17T16:20:22","slug":"%d0%b2%d0%be%d0%bf%d1%80%d0%be%d1%81%d1%8b-%d0%b8-%d0%be%d1%82%d0%b2%d0%b5%d1%82%d1%8b-%d0%bf%d0%be-%d0%bb%d0%b0%d0%b7%d0%b5%d1%80%d0%bd%d0%be%d0%b9-%d0%ba%d0%be%d1%80%d1%80%d0%b5%d0%ba%d1%86%d0%b8","status":"publish","type":"page","link":"https:\/\/silm.orgo.ee\/ru\/%d0%b2%d0%be%d0%bf%d1%80%d0%be%d1%81%d1%8b-%d0%b8-%d0%be%d1%82%d0%b2%d0%b5%d1%82%d1%8b-%d0%bf%d0%be-%d0%bb%d0%b0%d0%b7%d0%b5%d1%80%d0%bd%d0%be%d0%b9-%d0%ba%d0%be%d1%80%d1%80%d0%b5%d0%ba%d1%86%d0%b8\/","title":{"rendered":"\u0412\u043e\u043f\u0440\u043e\u0441\u044b \u0438 \u043e\u0442\u0432\u0435\u0442\u044b \u043f\u043e \u043b\u0430\u0437\u0435\u0440\u043d\u043e\u0439 \u043a\u043e\u0440\u0440\u0435\u043a\u0446\u0438\u0438 \u0437\u0440\u0435\u043d\u0438\u044f"},"content":{"rendered":"<div\n    class=\"faq-list-block bg-white font-tt-commons pt-0 pb-16 md:pb-24 lg:py-24 alignfull wp-block-faq-list\">\n            \n        <div class=\"lg:hidden w-full bg-[#F3F4F9] pt-6 pb-6\">\n            <div class=\"max-w-[1440px] mx-auto px-6 md:px-12\">\n                <label for=\"faq-list-nav-select\" class=\"sr-only\">FAQ category<\/label>\n                <select id=\"faq-list-nav-select\"\n                    class=\"faq-nav-select w-full rounded-full border border-[#1C1C1C] py-3 px-5 text-[16px] font-medium leading-[24px] text-[#1C1C1C] bg-white appearance-none cursor-pointer pr-10 bg-no-repeat bg-[length:16px_16px] bg-[right_1rem_center]\"\n                    style=\"background-image: url('data:image\/svg+xml,%3Csvg width=%2216%22 height=%2216%22 viewBox=%220 0 16 16%22 fill=%22none%22 xmlns=%22http:\/\/www.w3.org\/2000\/svg%22%3E%3Cpath d=%22M4.41406 6.87891L6.70703 9.17187L6.70703 2.58594L8.70703 2.58594L8.70703 9.17187L11 6.87891L12.4141 8.29297L7.70703 13L3 8.29297L4.41406 6.87891Z%22 fill=%22%231C1C1C%22\/%3E%3C\/svg%3E');\"\n                    aria-label=\"FAQ navigation\">\n                                            <option value=\"muudid-ja-hirmud\">M\u00fc\u00fcdid ja hirmud<\/option>\n                                            <option value=\"enne-ja-parast\">Enne ja p\u00e4rast operatsiooni<\/option>\n                                    <\/select>\n            <\/div>\n        <\/div>\n\n        <div class=\"max-w-[1440px] mx-auto px-6 md:px-12 lg:pt-0 pt-10\">\n            <div class=\"flex flex-col lg:flex-row lg:items-start gap-8 lg:gap-8\">\n                \n                <div class=\"hidden lg:block lg:w-[300px] shrink-0 lg:sticky lg:top-48 lg:self-start\">\n                    <nav class=\"flex flex-col gap-8\"\n                        style=\"row-gap: 2rem;\"\n                        aria-label=\"FAQ navigation\">\n                                                    <a href=\"#muudid-ja-hirmud\"\n                                class=\"faq-nav-link group flex items-start gap-2 text-[16px] font-medium transition-all duration-300 text-brand-blue\"\n                                style=\"white-space: normal;\"\n                                data-target=\"muudid-ja-hirmud\">\n                                <span class=\"leading-[24px] flex-1 min-w-0\">M\u00fc\u00fcdid ja hirmud<\/span>\n                                <svg class=\"faq-nav-arrow w-4 h-4 shrink-0\" xmlns=\"http:\/\/www.w3.org\/2000\/svg\"\n                                    viewBox=\"0 0 16 16\" fill=\"none\">\n                                    <path\n                                        d=\"M4.41406 6.87891L6.70703 9.17187L6.70703 2.58594L8.70703 2.58594L8.70703 9.17187L11 6.87891L12.4141 8.29297L7.70703 13L3 8.29297L4.41406 6.87891Z\"\n                                        fill=\"currentColor\" \/>\n                                <\/svg>\n                            <\/a>\n                                                    <a href=\"#enne-ja-parast\"\n                                class=\"faq-nav-link group flex items-start gap-2 text-[16px] font-medium transition-all duration-300 text-brand-blue\"\n                                style=\"white-space: normal;\"\n                                data-target=\"enne-ja-parast\">\n                                <span class=\"leading-[24px] flex-1 min-w-0\">Enne ja p\u00e4rast operatsiooni<\/span>\n                                <svg class=\"faq-nav-arrow w-4 h-4 shrink-0\" xmlns=\"http:\/\/www.w3.org\/2000\/svg\"\n                                    viewBox=\"0 0 16 16\" fill=\"none\">\n                                    <path\n                                        d=\"M4.41406 6.87891L6.70703 9.17187L6.70703 2.58594L8.70703 2.58594L8.70703 9.17187L11 6.87891L12.4141 8.29297L7.70703 13L3 8.29297L4.41406 6.87891Z\"\n                                        fill=\"currentColor\" \/>\n                                <\/svg>\n                            <\/a>\n                                            <\/nav>\n                <\/div>\n\n                \n                <div class=\"flex-1 min-w-0 flex flex-col gap-20\">\n                                            <section id=\"muudid-ja-hirmud\" class=\"faq-section scroll-mt-32\">\n                            \n                            <h3 class=\"text-[28px] leading-[28px] font-normal text-[#1C1C1C] mb-8\">\n                                M\u00fc\u00fcdid ja hirmud\n                            <\/h3>\n\n                            \n                                                            <div class=\"flex flex-col\" x-data=\"{ openIndex: null }\">\n                                                                            <div class=\"border-b border-[#1C1C1C]\">\n                                            \n                                            <button\n                                                @click=\"openIndex = openIndex === 0 ? null : 0\"\n                                                class=\"w-full flex items-center justify-between gap-4 py-6 text-left group\">\n                                                <span\n                                                    class=\"flex-1 min-w-0 text-[24px] leading-[36px] text-[#1C1C1C] font-normal pr-4\">\n                                                    &#8220;&quot;Laseroperatsioon on kallis!&quot;&#8221;\n                                                <\/span>\n                                                <span class=\"shrink-0 w-4 h-4 transition-transform duration-200\"\n                                                    :class=\"{ 'rotate-180': openIndex === 0 }\">\n                                                    \n                                                    <svg viewBox=\"0 0 16 16\" fill=\"none\" class=\"w-full h-full\">\n                                                        <path d=\"M4 6L8 10L12 6\" stroke=\"#1C1C1C\" stroke-width=\"2\"\n                                                            stroke-linecap=\"round\" stroke-linejoin=\"round\" \/>\n                                                    <\/svg>\n                                                <\/span>\n                                            <\/button>\n\n                                            \n                                            <div x-show=\"openIndex === 0\" x-collapse x-cloak>\n                                                <div class=\"pb-6 flex flex-col gap-4\">\n                                                    \n                                                                                                            <p class=\"text-[18px] leading-[30px] text-[#1C1C1C]\">\n                                                            Mitmeid lahendusi.\n                                                        <\/p>\n                                                    \n                                                    \n                                                                                                            <div\n                                                            class=\"content-style text-[16px] leading-[28px] text-[#1C1C1C] max-w-[90%]\">\n                                                            <p>Kui n\u00e4iteks liita kokku k\u00f5ik ostetud prillide ja kontaktl\u00e4\u00e4tsede t\u0161ekid, v\u00f5ib aastate peale l\u00f5ppsummaks kujuneda oluliselt suurem summa kui laserprotseduuri maksumus.<\/p>\n                                                        <\/div>\n                                                    \n                                                    \n                                                                                                            <div class=\"flex flex-wrap items-center gap-6 mt-2\">\n                                                                                                                            <a href=\"#\"\n                                                                    class=\"inline-flex items-center justify-center bg-brand-blue text-white font-medium text-[18px] leading-[24px] h-[48px] px-8 rounded-full hover:opacity-90 transition-opacity\">\n                                                                    J\u00e4relmaksu kalkulaator\n                                                                <\/a>\n                                                                                                                                                                                        <span class=\"text-[16px] leading-[24px] text-[#454545]\">\n                                                                    Swedbank kampaania intress 0%\n                                                                <\/span>\n                                                                                                                    <\/div>\n                                                                                                    <\/div>\n                                            <\/div>\n                                        <\/div>\n                                                                            <div class=\"border-b border-[#1C1C1C]\">\n                                            \n                                            <button\n                                                @click=\"openIndex = openIndex === 1 ? null : 1\"\n                                                class=\"w-full flex items-center justify-between gap-4 py-6 text-left group\">\n                                                <span\n                                                    class=\"flex-1 min-w-0 text-[24px] leading-[36px] text-[#1C1C1C] font-normal pr-4\">\n                                                    &#8220;&quot;Taastumine on pikk ja vaevaline!&quot;&#8221;\n                                                <\/span>\n                                                <span class=\"shrink-0 w-4 h-4 transition-transform duration-200\"\n                                                    :class=\"{ 'rotate-180': openIndex === 1 }\">\n                                                    \n                                                    <svg viewBox=\"0 0 16 16\" fill=\"none\" class=\"w-full h-full\">\n                                                        <path d=\"M4 6L8 10L12 6\" stroke=\"#1C1C1C\" stroke-width=\"2\"\n                                                            stroke-linecap=\"round\" stroke-linejoin=\"round\" \/>\n                                                    <\/svg>\n                                                <\/span>\n                                            <\/button>\n\n                                            \n                                            <div x-show=\"openIndex === 1\" x-collapse x-cloak>\n                                                <div class=\"pb-6 flex flex-col gap-4\">\n                                                    \n                                                    \n                                                    \n                                                                                                            <div\n                                                            class=\"content-style text-[16px] leading-[28px] text-[#1C1C1C] max-w-[90%]\">\n                                                            <p>Taastumine on tegelikult kiire.<\/p>\n                                                        <\/div>\n                                                    \n                                                    \n                                                                                                    <\/div>\n                                            <\/div>\n                                        <\/div>\n                                                                    <\/div>\n                                                    <\/section>\n                                            <section id=\"enne-ja-parast\" class=\"faq-section scroll-mt-32\">\n                            \n                            <h3 class=\"text-[28px] leading-[28px] font-normal text-[#1C1C1C] mb-8\">\n                                Enne ja p\u00e4rast operatsiooni\n                            <\/h3>\n\n                            \n                                                            <div class=\"flex flex-col\" x-data=\"{ openIndex: null }\">\n                                                                            <div class=\"border-b border-[#1C1C1C]\">\n                                            \n                                            <button\n                                                @click=\"openIndex = openIndex === 0 ? null : 0\"\n                                                class=\"w-full flex items-center justify-between gap-4 py-6 text-left group\">\n                                                <span\n                                                    class=\"flex-1 min-w-0 text-[24px] leading-[36px] text-[#1C1C1C] font-normal pr-4\">\n                                                    &#8220;&quot;Kas visiidile tulles peab iga kord registratuurist l\u00e4bi k\u00e4ima?&quot;&#8221;\n                                                <\/span>\n                                                <span class=\"shrink-0 w-4 h-4 transition-transform duration-200\"\n                                                    :class=\"{ 'rotate-180': openIndex === 0 }\">\n                                                    \n                                                    <svg viewBox=\"0 0 16 16\" fill=\"none\" class=\"w-full h-full\">\n                                                        <path d=\"M4 6L8 10L12 6\" stroke=\"#1C1C1C\" stroke-width=\"2\"\n                                                            stroke-linecap=\"round\" stroke-linejoin=\"round\" \/>\n                                                    <\/svg>\n                                                <\/span>\n                                            <\/button>\n\n                                            \n                                            <div x-show=\"openIndex === 0\" x-collapse x-cloak>\n                                                <div class=\"pb-6 flex flex-col gap-4\">\n                                                    \n                                                    \n                                                    \n                                                                                                            <div\n                                                            class=\"content-style text-[16px] leading-[28px] text-[#1C1C1C] max-w-[90%]\">\n                                                            <p>Jah, registratuurist l\u00e4bi k\u00e4imine on oluline.<\/p>\n                                                        <\/div>\n                                                    \n                                                    \n                                                                                                    <\/div>\n                                            <\/div>\n                                        <\/div>\n                                                                    <\/div>\n                                                    <\/section>\n                                    <\/div>\n            <\/div>\n        <\/div>\n    <\/div>\n<\/div>\n\n\n<script>\n    document.addEventListener('DOMContentLoaded', function() {\n        const block = document.querySelector('.faq-list-block');\n        if (!block) return;\n\n        const navLinks = block.querySelectorAll('.faq-nav-link');\n        const sections = block.querySelectorAll('.faq-section');\n        const selectEl = block.querySelector('#faq-list-nav-select');\n\n        \/\/ Smooth scroll for desktop nav links\n        navLinks.forEach(link => {\n            link.addEventListener('click', function(e) {\n                e.preventDefault();\n                const targetId = this.getAttribute('href').substring(1);\n                const targetSection = document.getElementById(targetId);\n                if (targetSection) {\n                    targetSection.scrollIntoView({\n                        behavior: 'smooth',\n                        block: 'start'\n                    });\n                }\n            });\n        });\n\n        \/\/ Dropdown: on change scroll to section\n        if (selectEl && sections.length > 0) {\n            selectEl.addEventListener('change', function() {\n                const targetId = this.value;\n                const targetSection = document.getElementById(targetId);\n                if (targetSection) {\n                    targetSection.scrollIntoView({\n                        behavior: 'smooth',\n                        block: 'start'\n                    });\n                }\n            });\n\n            \/\/ Keep select in sync when user scrolls (scroll spy)\n            const sectionIds = Array.from(sections).map(s => s.id).filter(Boolean);\n            if (sectionIds.length > 0) {\n                const observer = new IntersectionObserver(\n                    (entries) => {\n                        for (const entry of entries) {\n                            if (!entry.isIntersecting) continue;\n                            const id = entry.target.id;\n                            if (id && selectEl.value !== id) selectEl.value = id;\n                            break;\n                        }\n                    }, {\n                        rootMargin: '-30% 0px -60% 0px',\n                        threshold: 0\n                    }\n                );\n                sections.forEach(section => observer.observe(section));\n            }\n        }\n    });\n<\/script>\n\n<p><\/p>\n","protected":false},"excerpt":{"rendered":"","protected":false},"author":3,"featured_media":0,"parent":0,"menu_order":0,"comment_status":"closed","ping_status":"closed","template":"","meta":{"_acf_changed":false,"footnotes":""},"class_list":["post-1545","page","type-page","status-publish","hentry"],"acf":[],"_links":{"self":[{"href":"https:\/\/silm.orgo.ee\/ru\/wp-json\/wp\/v2\/pages\/1545","targetHints":{"allow":["GET"]}}],"collection":[{"href":"https:\/\/silm.orgo.ee\/ru\/wp-json\/wp\/v2\/pages"}],"about":[{"href":"https:\/\/silm.orgo.ee\/ru\/wp-json\/wp\/v2\/types\/page"}],"author":[{"embeddable":true,"href":"https:\/\/silm.orgo.ee\/ru\/wp-json\/wp\/v2\/users\/3"}],"replies":[{"embeddable":true,"href":"https:\/\/silm.orgo.ee\/ru\/wp-json\/wp\/v2\/comments?post=1545"}],"version-history":[{"count":1,"href":"https:\/\/silm.orgo.ee\/ru\/wp-json\/wp\/v2\/pages\/1545\/revisions"}],"predecessor-version":[{"id":1546,"href":"https:\/\/silm.orgo.ee\/ru\/wp-json\/wp\/v2\/pages\/1545\/revisions\/1546"}],"wp:attachment":[{"href":"https:\/\/silm.orgo.ee\/ru\/wp-json\/wp\/v2\/media?parent=1545"}],"curies":[{"name":"wp","href":"https:\/\/api.w.org\/{rel}","templated":true}]}}