{"id":980,"date":"2026-03-05T11:10:12","date_gmt":"2026-03-05T11:10:12","guid":{"rendered":"https:\/\/silm.orgo.ee\/optometristin-vastaanotto\/"},"modified":"2026-04-17T14:43:17","modified_gmt":"2026-04-17T14:43:17","slug":"optometristin-vastaanotto","status":"publish","type":"page","link":"https:\/\/silm.orgo.ee\/fi\/optometristin-vastaanotto\/","title":{"rendered":"Optometristin vastaanotto"},"content":{"rendered":"<div\n    class=\"alignfull wp-block-simple-hero alignfull lg:-mt-[140px] simple-hero-block relative overflow-hidden font-tt-commons flex flex-col lg:block\">\n\n    \n    <div class=\"simple-hero-bg-desktop hidden lg:block absolute inset-0\">\n                    <img decoding=\"async\" src=\"https:\/\/silm.orgo.ee\/app\/uploads\/2026\/03\/Silmalaser_Optometristi-vastuvott-14.jpg\" alt=\"\" class=\"w-full h-full object-cover object-center\"\n                data-acf-inline-fields-uid=\"block_e59783a74452228d89be5b2df61d00dbbg_image\" data-acf-inline-fields=\"[{&quot;fieldName&quot;:&quot;bg_image&quot;,&quot;fieldIcon&quot;:null,&quot;fieldLabel&quot;:&quot;Background Image&quot;,&quot;useExpandedEditor&quot;:false,&quot;popoverMinWidth&quot;:&quot;300px&quot;}]\" role=\"button\" tabindex=\"0\">\n            <\/div>\n\n    \n    <div class=\"hidden lg:block absolute left-0 top-0 h-full w-[65%] backdrop-blur-[50px] bg-white\/[0.01]\"\n        style=\"mask-image: linear-gradient(to right, black 0%, black 50%, transparent 100%); -webkit-mask-image: linear-gradient(to right, black 0%, black 50%, transparent 100%);\">\n    <\/div>\n\n    \n    <div class=\"hidden lg:block absolute inset-0 bg-gradient-to-r from-white\/80 via-white\/40 to-transparent\"><\/div>\n\n    \n    <div class=\"simple-hero-bg-mobile block lg:hidden w-full h-[260px] md:h-[340px] relative overflow-hidden\">\n                    <img decoding=\"async\" src=\"https:\/\/silm.orgo.ee\/app\/uploads\/2026\/03\/Silmalaser_Optometristi-vastuvott-14.jpg\" alt=\"\"\n                class=\"w-full h-full object-cover object-center\">\n            <\/div>\n\n    \n    <div class=\"relative z-10 w-full bg-white lg:bg-transparent py-[40px] md:py-[48px] lg:pt-[200px] lg:pb-[120px]\">\n        <div class=\"max-w-[1440px] mx-auto px-6 md:px-12\">\n            <div class=\"max-w-[552px] flex flex-col gap-6\">\n                                    <h1 class=\"text-[36px] lg:text-[48px] leading-none font-normal text-[#1C1C1C] !text-[#1C1C1C]\"\n                        data-acf-inline-fields-uid=\"block_e59783a74452228d89be5b2df61d00dbtitle\" data-acf-inline-fields=\"[{&quot;fieldName&quot;:&quot;title&quot;,&quot;fieldIcon&quot;:null,&quot;fieldLabel&quot;:&quot;Title&quot;,&quot;useExpandedEditor&quot;:false,&quot;popoverMinWidth&quot;:&quot;300px&quot;}]\" role=\"button\" tabindex=\"0\">\n                        Optometristin vastaanotto\n                    <\/h1>\n                \n                                    <p class=\"text-[18px] lg:text-[24px] leading-[28px] lg:leading-[34px] text-[#1C1C1C] !text-[#1C1C1C]\" data-acf-inline-fields-uid=\"block_e59783a74452228d89be5b2df61d00dbdescription\" data-acf-inline-fields=\"[{&quot;fieldName&quot;:&quot;description&quot;,&quot;fieldIcon&quot;:null,&quot;fieldLabel&quot;:&quot;Description&quot;,&quot;useExpandedEditor&quot;:false,&quot;popoverMinWidth&quot;:&quot;300px&quot;}]\" role=\"button\" tabindex=\"0\">\n                        Kauko- ja l\u00e4hin\u00e4\u00f6n tarkastamisen lis\u00e4ksi Silmalaserin optometristit suorittavat my\u00f6s silmien kuivuuden, silm\u00e4npaineen, v\u00e4rin\u00e4\u00f6n ja silmien yhteisty\u00f6n arviointia ja suosittelevat asiakkaille silm\u00e4lasikehyksi\u00e4 ja -linssej\u00e4.\n                    <\/p>\n                \n                                    <div class=\"simple-hero-secondary-description text-[16px] lg:text-[18px] leading-[24px] text-[#1C1C1C] !text-[#1C1C1C] opacity-80 [&#038;_p]:mb-2 [&#038;_p:last-child]:mb-0 [&#038;_a]:underline [&#038;_a]:underline-offset-2 [&#038;_a:hover]:opacity-90\"\n                        data-acf-inline-fields-uid=\"block_e59783a74452228d89be5b2df61d00dbsecondary_description\" data-acf-inline-fields=\"[{&quot;fieldName&quot;:&quot;secondary_description&quot;,&quot;fieldIcon&quot;:null,&quot;fieldLabel&quot;:&quot;Secondary Description&quot;,&quot;useExpandedEditor&quot;:true,&quot;popoverMinWidth&quot;:&quot;600px&quot;}]\" role=\"button\" tabindex=\"0\">\n                        <p>Optometristimme tekev\u00e4t tiivist\u00e4 yhteisty\u00f6t\u00e4 Silmalaserin silm\u00e4l\u00e4\u00e4k\u00e4reiden kanssa ja ohjaavat ihmiset tarvittaessa jatkotutkimuksiin l\u00e4\u00e4k\u00e4rin vastaanotolle.<\/p>\n<p>Koska kahta samanlaista silm\u00e4\u00e4 ei ole olemassa, Silmalaserissa l\u00e4hestyt\u00e4\u00e4n jokaista ihmist\u00e4 yksil\u00f6llisesti. Optometristit selitt\u00e4v\u00e4t sinulle n\u00e4\u00f6ntarkastuksen tulokset yksityiskohtaisesti ja neuvovat sinua juuri sinun silmiesi terveydenhoidossa. Henkil\u00f6kuntamme auttaa my\u00f6s kehysten ja linssien valinnassa ottaen huomioon linssien tarkan istuvuuden kehyksiin ja asiakkaiden erilaiset n\u00e4kemistarpeet. <\/p>\n<p>Optometristin vastaanotto maksaa 35 euroa ja kest\u00e4\u00e4 30 minuuttia.<\/p>\n<p>Klinikallamme asiakkaita odottaa 5 optometristi\u00e4: Kai Kass, Jelena \u0160t\u00f5renko, Gerli Jones, Gustav Kesk\u00fcla ja Lisett Nurja (vanhempainvapaalla).<\/p>\n\n                    <\/div>\n                \n                                    <div class=\"flex flex-row flex-wrap gap-4 pt-4\">\n                                                                                                                <a href=\"#\"\n                                    target=\"_self\"\n                                    class=\"h-[48px] px-8 flex items-center justify-center rounded-full text-[18px] font-medium transition-colors duration-300 !no-underline hover:!no-underline bg-[#1C1C1C] text-white hover:bg-gray-800 border border-transparent\">\n                                    Varaa vastaanottoaika\n                                <\/a>\n                                                                        <\/div>\n                            <\/div>\n        <\/div>\n    <\/div>\n<\/div>\n","protected":false},"excerpt":{"rendered":"","protected":false},"author":3,"featured_media":0,"parent":0,"menu_order":0,"comment_status":"closed","ping_status":"closed","template":"","meta":{"_acf_changed":false,"footnotes":""},"class_list":["post-980","page","type-page","status-publish","hentry"],"acf":[],"_links":{"self":[{"href":"https:\/\/silm.orgo.ee\/fi\/wp-json\/wp\/v2\/pages\/980","targetHints":{"allow":["GET"]}}],"collection":[{"href":"https:\/\/silm.orgo.ee\/fi\/wp-json\/wp\/v2\/pages"}],"about":[{"href":"https:\/\/silm.orgo.ee\/fi\/wp-json\/wp\/v2\/types\/page"}],"author":[{"embeddable":true,"href":"https:\/\/silm.orgo.ee\/fi\/wp-json\/wp\/v2\/users\/3"}],"replies":[{"embeddable":true,"href":"https:\/\/silm.orgo.ee\/fi\/wp-json\/wp\/v2\/comments?post=980"}],"version-history":[{"count":2,"href":"https:\/\/silm.orgo.ee\/fi\/wp-json\/wp\/v2\/pages\/980\/revisions"}],"predecessor-version":[{"id":1101,"href":"https:\/\/silm.orgo.ee\/fi\/wp-json\/wp\/v2\/pages\/980\/revisions\/1101"}],"wp:attachment":[{"href":"https:\/\/silm.orgo.ee\/fi\/wp-json\/wp\/v2\/media?parent=980"}],"curies":[{"name":"wp","href":"https:\/\/api.w.org\/{rel}","templated":true}]}}