{"id":977,"date":"2026-03-05T11:11:09","date_gmt":"2026-03-05T11:11:09","guid":{"rendered":"https:\/\/silm.orgo.ee\/13-21-vuotiaiden-nuorten-vastaanotto\/"},"modified":"2026-04-17T14:43:56","modified_gmt":"2026-04-17T14:43:56","slug":"13-21-vuotiaiden-nuorten-vastaanotto","status":"publish","type":"page","link":"https:\/\/silm.orgo.ee\/fi\/13-21-vuotiaiden-nuorten-vastaanotto\/","title":{"rendered":"13\u201321-vuotiaiden nuorten vastaanotto"},"content":{"rendered":"<div\n    class=\"alignfull wp-block-simple-hero alignfull lg:-mt-[140px] simple-hero-block relative overflow-hidden font-tt-commons flex flex-col lg:block\">\n\n    \n    <div class=\"simple-hero-bg-desktop hidden lg:block absolute inset-0\">\n                    <img decoding=\"async\" src=\"https:\/\/silm.orgo.ee\/app\/uploads\/2026\/03\/Silmalaser_Optometristi-vastuvott-06.jpg\" alt=\"\" class=\"w-full h-full object-cover object-center\"\n                data-acf-inline-fields-uid=\"block_f4894157b2d88cc37d1bc1fe4c19ac3abg_image\" data-acf-inline-fields=\"[{&quot;fieldName&quot;:&quot;bg_image&quot;,&quot;fieldIcon&quot;:null,&quot;fieldLabel&quot;:&quot;Background Image&quot;,&quot;useExpandedEditor&quot;:false,&quot;popoverMinWidth&quot;:&quot;300px&quot;}]\" role=\"button\" tabindex=\"0\">\n            <\/div>\n\n    \n    <div class=\"hidden lg:block absolute left-0 top-0 h-full w-[65%] backdrop-blur-[50px] bg-white\/[0.01]\"\n        style=\"mask-image: linear-gradient(to right, black 0%, black 50%, transparent 100%); -webkit-mask-image: linear-gradient(to right, black 0%, black 50%, transparent 100%);\">\n    <\/div>\n\n    \n    <div class=\"hidden lg:block absolute inset-0 bg-gradient-to-r from-white\/80 via-white\/40 to-transparent\"><\/div>\n\n    \n    <div class=\"simple-hero-bg-mobile block lg:hidden w-full h-[260px] md:h-[340px] relative overflow-hidden\">\n                    <img decoding=\"async\" src=\"https:\/\/silm.orgo.ee\/app\/uploads\/2026\/03\/Silmalaser_Optometristi-vastuvott-06.jpg\" alt=\"\"\n                class=\"w-full h-full object-cover object-center\">\n            <\/div>\n\n    \n    <div class=\"relative z-10 w-full bg-white lg:bg-transparent py-[40px] md:py-[48px] lg:pt-[200px] lg:pb-[120px]\">\n        <div class=\"max-w-[1440px] mx-auto px-6 md:px-12\">\n            <div class=\"max-w-[552px] flex flex-col gap-6\">\n                                    <h1 class=\"text-[36px] lg:text-[48px] leading-none font-normal text-[#1C1C1C] !text-[#1C1C1C]\"\n                        data-acf-inline-fields-uid=\"block_f4894157b2d88cc37d1bc1fe4c19ac3atitle\" data-acf-inline-fields=\"[{&quot;fieldName&quot;:&quot;title&quot;,&quot;fieldIcon&quot;:null,&quot;fieldLabel&quot;:&quot;Title&quot;,&quot;useExpandedEditor&quot;:false,&quot;popoverMinWidth&quot;:&quot;300px&quot;}]\" role=\"button\" tabindex=\"0\">\n                        13\u201321-vuotiaiden nuorten vastaanotto\n                    <\/h1>\n                \n                                    <p class=\"text-[18px] lg:text-[24px] leading-[28px] lg:leading-[34px] text-[#1C1C1C] !text-[#1C1C1C]\" data-acf-inline-fields-uid=\"block_f4894157b2d88cc37d1bc1fe4c19ac3adescription\" data-acf-inline-fields=\"[{&quot;fieldName&quot;:&quot;description&quot;,&quot;fieldIcon&quot;:null,&quot;fieldLabel&quot;:&quot;Description&quot;,&quot;useExpandedEditor&quot;:false,&quot;popoverMinWidth&quot;:&quot;300px&quot;}]\" role=\"button\" tabindex=\"0\">\n                        Silmalaser tarjoaa nyt uutta n\u00e4\u00f6ntarkastuspalvelua nuorille (13\u201321-vuotiaille) erikoishintaan, johon sis\u00e4ltyy tarvittaessa silm\u00e4lasiresepti. Tutkimuksen aikana optometristit tarkastavat silmien terveyden ja n\u00e4\u00f6ntarkkuuden. \n                    <\/p>\n                \n                                    <div class=\"simple-hero-secondary-description text-[16px] lg:text-[18px] leading-[24px] text-[#1C1C1C] !text-[#1C1C1C] opacity-80 [&#038;_p]:mb-2 [&#038;_p:last-child]:mb-0 [&#038;_a]:underline [&#038;_a]:underline-offset-2 [&#038;_a:hover]:opacity-90\"\n                        data-acf-inline-fields-uid=\"block_f4894157b2d88cc37d1bc1fe4c19ac3asecondary_description\" data-acf-inline-fields=\"[{&quot;fieldName&quot;:&quot;secondary_description&quot;,&quot;fieldIcon&quot;:null,&quot;fieldLabel&quot;:&quot;Secondary Description&quot;,&quot;useExpandedEditor&quot;:true,&quot;popoverMinWidth&quot;:&quot;600px&quot;}]\" role=\"button\" tabindex=\"0\">\n                        <p>Miksi n\u00e4\u00f6ntarkastus on t\u00e4rke\u00e4 juuri nuorille?<\/p>\n<p>Havaitsemme ongelmat varhaisessa vaiheessa \u2013 Aikuisena silmien terveys on jo vakiintunut, mutta nuorena silmiss\u00e4 tapahtuu suuria muutoksia. Jotkin n\u00e4k\u00f6ongelmat, kuten likin\u00e4k\u00f6isyys, kehittyv\u00e4t usein juuri teini-i\u00e4ss\u00e4. Mit\u00e4 aikaisemmin ne havaitaan, sit\u00e4 paremmin niiden kehittymist\u00e4 voidaan hidastaa.<\/p>\n<p>Oppiminen ja keskittyminen \u2013 Tiesitk\u00f6, ett\u00e4 n\u00e4k\u00f6ongelmat voivat vaikuttaa oppimismenestykseen, lukemismukavuuteen ja jopa urheiluun? Huono n\u00e4k\u00f6 voi tehd\u00e4 l\u00e4ksyjen teosta, harrastuksista ja ruutuajasta ep\u00e4mukavaa aiheuttaen silmien v\u00e4symist\u00e4, p\u00e4\u00e4ns\u00e4rky\u00e4 ja keskittymisvaikeuksia. Nuori ei useinkaan ymm\u00e4rr\u00e4, ett\u00e4 h\u00e4nen n\u00e4k\u00f6ns\u00e4 on heikentynyt, ja pit\u00e4\u00e4 sit\u00e4 normaalina.<\/p>\n<p>\u00c4lylaitteiden vaikutus silmiin \u2013 Nyky\u00e4\u00e4n el\u00e4m\u00e4mme on erottamattomasti sidoksissa \u00e4lylaitteisiin ja n\u00e4ytt\u00f6ihin. P\u00e4ivitt\u00e4in vietet\u00e4\u00e4n tunteja puhelimen, tabletin tai tietokoneen \u00e4\u00e4ress\u00e4, mik\u00e4 aiheuttaa silmille suurta rasitusta. N\u00e4yt\u00f6t voivat edist\u00e4\u00e4 n\u00e4k\u00f6ongelmien kehittymist\u00e4 ja pahentaa jo olemassa olevia ongelmia.<\/p>\n\n                    <\/div>\n                \n                            <\/div>\n        <\/div>\n    <\/div>\n<\/div>\n","protected":false},"excerpt":{"rendered":"","protected":false},"author":3,"featured_media":0,"parent":0,"menu_order":0,"comment_status":"closed","ping_status":"closed","template":"","meta":{"_acf_changed":false,"footnotes":""},"class_list":["post-977","page","type-page","status-publish","hentry"],"acf":[],"_links":{"self":[{"href":"https:\/\/silm.orgo.ee\/fi\/wp-json\/wp\/v2\/pages\/977","targetHints":{"allow":["GET"]}}],"collection":[{"href":"https:\/\/silm.orgo.ee\/fi\/wp-json\/wp\/v2\/pages"}],"about":[{"href":"https:\/\/silm.orgo.ee\/fi\/wp-json\/wp\/v2\/types\/page"}],"author":[{"embeddable":true,"href":"https:\/\/silm.orgo.ee\/fi\/wp-json\/wp\/v2\/users\/3"}],"replies":[{"embeddable":true,"href":"https:\/\/silm.orgo.ee\/fi\/wp-json\/wp\/v2\/comments?post=977"}],"version-history":[{"count":5,"href":"https:\/\/silm.orgo.ee\/fi\/wp-json\/wp\/v2\/pages\/977\/revisions"}],"predecessor-version":[{"id":1145,"href":"https:\/\/silm.orgo.ee\/fi\/wp-json\/wp\/v2\/pages\/977\/revisions\/1145"}],"wp:attachment":[{"href":"https:\/\/silm.orgo.ee\/fi\/wp-json\/wp\/v2\/media?parent=977"}],"curies":[{"name":"wp","href":"https:\/\/api.w.org\/{rel}","templated":true}]}}