{"id":974,"date":"2026-03-05T11:11:49","date_gmt":"2026-03-05T11:11:49","guid":{"rendered":"https:\/\/silm.orgo.ee\/tyoterveyshuolto\/"},"modified":"2026-04-17T14:43:56","modified_gmt":"2026-04-17T14:43:56","slug":"tyoterveyshuolto","status":"publish","type":"page","link":"https:\/\/silm.orgo.ee\/fi\/tyoterveyshuolto\/","title":{"rendered":"Ty\u00f6terveyshuolto"},"content":{"rendered":"<div\n    class=\"alignfull wp-block-simple-hero alignfull lg:-mt-[140px] simple-hero-block relative overflow-hidden font-tt-commons flex flex-col lg:block\">\n\n    \n    <div class=\"simple-hero-bg-desktop hidden lg:block absolute inset-0\">\n                    <img decoding=\"async\" src=\"https:\/\/silm.orgo.ee\/app\/uploads\/2026\/03\/Silmalaser_Optometristi-vastuvott-26.jpg\" alt=\"\" class=\"w-full h-full object-cover object-center\"\n                data-acf-inline-fields-uid=\"block_bc0707b63e55834846dc8adc92306e45bg_image\" data-acf-inline-fields=\"[{&quot;fieldName&quot;:&quot;bg_image&quot;,&quot;fieldIcon&quot;:null,&quot;fieldLabel&quot;:&quot;Background Image&quot;,&quot;useExpandedEditor&quot;:false,&quot;popoverMinWidth&quot;:&quot;300px&quot;}]\" role=\"button\" tabindex=\"0\">\n            <\/div>\n\n    \n    <div class=\"hidden lg:block absolute left-0 top-0 h-full w-[65%] backdrop-blur-[50px] bg-white\/[0.01]\"\n        style=\"mask-image: linear-gradient(to right, black 0%, black 50%, transparent 100%); -webkit-mask-image: linear-gradient(to right, black 0%, black 50%, transparent 100%);\">\n    <\/div>\n\n    \n    <div class=\"hidden lg:block absolute inset-0 bg-gradient-to-r from-white\/80 via-white\/40 to-transparent\"><\/div>\n\n    \n    <div class=\"simple-hero-bg-mobile block lg:hidden w-full h-[260px] md:h-[340px] relative overflow-hidden\">\n                    <img decoding=\"async\" src=\"https:\/\/silm.orgo.ee\/app\/uploads\/2026\/03\/Silmalaser_Optometristi-vastuvott-26.jpg\" alt=\"\"\n                class=\"w-full h-full object-cover object-center\">\n            <\/div>\n\n    \n    <div class=\"relative z-10 w-full bg-white lg:bg-transparent py-[40px] md:py-[48px] lg:pt-[200px] lg:pb-[120px]\">\n        <div class=\"max-w-[1440px] mx-auto px-6 md:px-12\">\n            <div class=\"max-w-[552px] flex flex-col gap-6\">\n                                    <h1 class=\"text-[36px] lg:text-[48px] leading-none font-normal text-[#1C1C1C] !text-[#1C1C1C]\"\n                        data-acf-inline-fields-uid=\"block_bc0707b63e55834846dc8adc92306e45title\" data-acf-inline-fields=\"[{&quot;fieldName&quot;:&quot;title&quot;,&quot;fieldIcon&quot;:null,&quot;fieldLabel&quot;:&quot;Title&quot;,&quot;useExpandedEditor&quot;:false,&quot;popoverMinWidth&quot;:&quot;300px&quot;}]\" role=\"button\" tabindex=\"0\">\n                        Ty\u00f6terveyshuolto\n                    <\/h1>\n                \n                                    <p class=\"text-[18px] lg:text-[24px] leading-[28px] lg:leading-[34px] text-[#1C1C1C] !text-[#1C1C1C]\" data-acf-inline-fields-uid=\"block_bc0707b63e55834846dc8adc92306e45description\" data-acf-inline-fields=\"[{&quot;fieldName&quot;:&quot;description&quot;,&quot;fieldIcon&quot;:null,&quot;fieldLabel&quot;:&quot;Description&quot;,&quot;useExpandedEditor&quot;:false,&quot;popoverMinWidth&quot;:&quot;300px&quot;}]\" role=\"button\" tabindex=\"0\">\n                        Ty\u00f6terveyshuolto on yh\u00e4 t\u00e4rke\u00e4mpi ala yrityksiss\u00e4, joissa ty\u00f6ntekij\u00e4t viett\u00e4v\u00e4t suuren osan ty\u00f6ajastaan tietokoneen \u00e4\u00e4ress\u00e4. Laissa s\u00e4\u00e4det\u00e4\u00e4n, ett\u00e4 yli puolet ty\u00f6ajastaan tietokoneen \u00e4\u00e4ress\u00e4 viett\u00e4ville ty\u00f6ntekij\u00f6ille on taattava silm\u00e4tutkimus v\u00e4hint\u00e4\u00e4n kerran kolmessa vuodessa tai useammin, jos ty\u00f6ntekij\u00e4 sit\u00e4 vaatii. \n                    <\/p>\n                \n                                    <div class=\"simple-hero-secondary-description text-[16px] lg:text-[18px] leading-[24px] text-[#1C1C1C] !text-[#1C1C1C] opacity-80 [&#038;_p]:mb-2 [&#038;_p:last-child]:mb-0 [&#038;_a]:underline [&#038;_a]:underline-offset-2 [&#038;_a:hover]:opacity-90\"\n                        data-acf-inline-fields-uid=\"block_bc0707b63e55834846dc8adc92306e45secondary_description\" data-acf-inline-fields=\"[{&quot;fieldName&quot;:&quot;secondary_description&quot;,&quot;fieldIcon&quot;:null,&quot;fieldLabel&quot;:&quot;Secondary Description&quot;,&quot;useExpandedEditor&quot;:true,&quot;popoverMinWidth&quot;:&quot;600px&quot;}]\" role=\"button\" tabindex=\"0\">\n                        <p>Yh\u00e4 useammat ty\u00f6nantajat v\u00e4litt\u00e4v\u00e4t ty\u00f6ntekij\u00f6idens\u00e4 silmist\u00e4 ja ovat tehneet silm\u00e4tutkimuksista vuosittaisia.<\/p>\n<p>Silmalaser on pitk\u00e4aikainen yhteisty\u00f6kumppani useille yrityksille, joiden ty\u00f6ntekij\u00e4t tarkastuttavat silm\u00e4ns\u00e4 meill\u00e4 s\u00e4\u00e4nn\u00f6llisesti. Yritysten silm\u00e4tutkimuksen voivat suorittaa sek\u00e4 optometristit ett\u00e4 l\u00e4\u00e4k\u00e4rit, jotka antavat tarvittaessa uuden silm\u00e4lasim\u00e4\u00e4r\u00e4yksen ja todistuksen ty\u00f6nantajalle n\u00e4\u00f6ntarkkuuden muutoksesta. Ongelmatilanteissa potilas l\u00e4hetet\u00e4\u00e4n alan asiantuntijan vastaanotolle.<\/p>\n<p>Ota meihin yhteytt\u00e4 s\u00e4hk\u00f6postitse\u00a0[margot.moisavald@silmalaser.ee](mailto:margot.suits@silmalaser.ee), niin l\u00f6yd\u00e4mme yrityksesi ty\u00f6ntekij\u00f6iden silm\u00e4tutkimukseen sopivan ratkaisun.<\/p>\n\n                    <\/div>\n                \n                            <\/div>\n        <\/div>\n    <\/div>\n<\/div>\n","protected":false},"excerpt":{"rendered":"","protected":false},"author":3,"featured_media":0,"parent":0,"menu_order":0,"comment_status":"closed","ping_status":"closed","template":"","meta":{"_acf_changed":false,"footnotes":""},"class_list":["post-974","page","type-page","status-publish","hentry"],"acf":[],"_links":{"self":[{"href":"https:\/\/silm.orgo.ee\/fi\/wp-json\/wp\/v2\/pages\/974","targetHints":{"allow":["GET"]}}],"collection":[{"href":"https:\/\/silm.orgo.ee\/fi\/wp-json\/wp\/v2\/pages"}],"about":[{"href":"https:\/\/silm.orgo.ee\/fi\/wp-json\/wp\/v2\/types\/page"}],"author":[{"embeddable":true,"href":"https:\/\/silm.orgo.ee\/fi\/wp-json\/wp\/v2\/users\/3"}],"replies":[{"embeddable":true,"href":"https:\/\/silm.orgo.ee\/fi\/wp-json\/wp\/v2\/comments?post=974"}],"version-history":[{"count":5,"href":"https:\/\/silm.orgo.ee\/fi\/wp-json\/wp\/v2\/pages\/974\/revisions"}],"predecessor-version":[{"id":1143,"href":"https:\/\/silm.orgo.ee\/fi\/wp-json\/wp\/v2\/pages\/974\/revisions\/1143"}],"wp:attachment":[{"href":"https:\/\/silm.orgo.ee\/fi\/wp-json\/wp\/v2\/media?parent=974"}],"curies":[{"name":"wp","href":"https:\/\/api.w.org\/{rel}","templated":true}]}}