{"id":972,"date":"2026-03-05T11:12:08","date_gmt":"2026-03-05T11:12:08","guid":{"rendered":"https:\/\/silm.orgo.ee\/kotikaynti\/"},"modified":"2026-04-17T14:43:56","modified_gmt":"2026-04-17T14:43:56","slug":"kotikaynti","status":"publish","type":"page","link":"https:\/\/silm.orgo.ee\/fi\/kotikaynti\/","title":{"rendered":"Kotik\u00e4ynti"},"content":{"rendered":"<div\n    class=\"alignfull wp-block-simple-hero alignfull lg:-mt-[140px] simple-hero-block relative overflow-hidden font-tt-commons flex flex-col lg:block\">\n\n    \n    <div class=\"simple-hero-bg-desktop hidden lg:block absolute inset-0\">\n                    \n            <div class=\"absolute inset-0 bg-linear-to-br from-gray-700 to-gray-900\"><\/div>\n            <\/div>\n\n    \n    <div class=\"hidden lg:block absolute left-0 top-0 h-full w-[65%] backdrop-blur-[50px] bg-white\/[0.01]\"\n        style=\"mask-image: linear-gradient(to right, black 0%, black 50%, transparent 100%); -webkit-mask-image: linear-gradient(to right, black 0%, black 50%, transparent 100%);\">\n    <\/div>\n\n    \n    <div class=\"hidden lg:block absolute inset-0 bg-gradient-to-r from-white\/80 via-white\/40 to-transparent\"><\/div>\n\n    \n    <div class=\"simple-hero-bg-mobile block lg:hidden w-full h-[260px] md:h-[340px] relative overflow-hidden\">\n                    <div class=\"absolute inset-0 bg-linear-to-br from-gray-700 to-gray-900\"><\/div>\n            <\/div>\n\n    \n    <div class=\"relative z-10 w-full bg-white lg:bg-transparent py-[40px] md:py-[48px] lg:pt-[200px] lg:pb-[120px]\">\n        <div class=\"max-w-[1440px] mx-auto px-6 md:px-12\">\n            <div class=\"max-w-[552px] flex flex-col gap-6\">\n                                    <h1 class=\"text-[36px] lg:text-[48px] leading-none font-normal text-[#1C1C1C] !text-[#1C1C1C]\"\n                        data-acf-inline-fields-uid=\"block_88d67a7c2a2052f958aaa2f2d2885c1etitle\" data-acf-inline-fields=\"[{&quot;fieldName&quot;:&quot;title&quot;,&quot;fieldIcon&quot;:null,&quot;fieldLabel&quot;:&quot;Title&quot;,&quot;useExpandedEditor&quot;:false,&quot;popoverMinWidth&quot;:&quot;300px&quot;}]\" role=\"button\" tabindex=\"0\">\n                        Kotik\u00e4ynti\n                    <\/h1>\n                \n                                    <p class=\"text-[18px] lg:text-[24px] leading-[28px] lg:leading-[34px] text-[#1C1C1C] !text-[#1C1C1C]\" data-acf-inline-fields-uid=\"block_88d67a7c2a2052f958aaa2f2d2885c1edescription\" data-acf-inline-fields=\"[{&quot;fieldName&quot;:&quot;description&quot;,&quot;fieldIcon&quot;:null,&quot;fieldLabel&quot;:&quot;Description&quot;,&quot;useExpandedEditor&quot;:false,&quot;popoverMinWidth&quot;:&quot;300px&quot;}]\" role=\"button\" tabindex=\"0\">\n                        Kotona teht\u00e4v\u00e4 silm\u00e4tutkimus soveltuu erinomaisesti i\u00e4kk\u00e4ille sek\u00e4 liikuntarajoitteisille, jotka eiv\u00e4t pysty itse tulemaan silm\u00e4tutkimukseen.\n                    <\/p>\n                \n                                    <div class=\"simple-hero-secondary-description text-[16px] lg:text-[18px] leading-[24px] text-[#1C1C1C] !text-[#1C1C1C] opacity-80 [&#038;_p]:mb-2 [&#038;_p:last-child]:mb-0 [&#038;_a]:underline [&#038;_a]:underline-offset-2 [&#038;_a:hover]:opacity-90\"\n                        data-acf-inline-fields-uid=\"block_88d67a7c2a2052f958aaa2f2d2885c1esecondary_description\" data-acf-inline-fields=\"[{&quot;fieldName&quot;:&quot;secondary_description&quot;,&quot;fieldIcon&quot;:null,&quot;fieldLabel&quot;:&quot;Secondary Description&quot;,&quot;useExpandedEditor&quot;:true,&quot;popoverMinWidth&quot;:&quot;600px&quot;}]\" role=\"button\" tabindex=\"0\">\n                        <p>T\u00e4ll\u00e4 hetkell\u00e4 teemme kotik\u00e4yntej\u00e4 vain Tallinnassa ja sen l\u00e4hiymp\u00e4rist\u00f6ss\u00e4. Tarkistamme n\u00e4\u00f6n ja m\u00e4\u00e4r\u00e4\u00e4mme kauko- ja lukulasit. Mukanamme on kehysvalikoima, ja silm\u00e4lasit on mahdollista tilata heti lis\u00e4maksusta. Mittaamme silm\u00e4npaineen sek\u00e4 silmien kuivuuden ja tarvittaessa voimme my\u00f6s ottaa kuvia silm\u00e4npohjasta, jotta silm\u00e4sairaudet voidaan havaita jo varhaisessa vaiheessa.<\/p>\n<p>Kotona teht\u00e4v\u00e4 silm\u00e4tutkimus maksaa 450 euroa. Varaa aika soittamalla +372 675 0017.<\/p>\n\n                    <\/div>\n                \n                            <\/div>\n        <\/div>\n    <\/div>\n<\/div>\n","protected":false},"excerpt":{"rendered":"","protected":false},"author":3,"featured_media":0,"parent":0,"menu_order":0,"comment_status":"closed","ping_status":"closed","template":"","meta":{"_acf_changed":false,"footnotes":""},"class_list":["post-972","page","type-page","status-publish","hentry"],"acf":[],"_links":{"self":[{"href":"https:\/\/silm.orgo.ee\/fi\/wp-json\/wp\/v2\/pages\/972","targetHints":{"allow":["GET"]}}],"collection":[{"href":"https:\/\/silm.orgo.ee\/fi\/wp-json\/wp\/v2\/pages"}],"about":[{"href":"https:\/\/silm.orgo.ee\/fi\/wp-json\/wp\/v2\/types\/page"}],"author":[{"embeddable":true,"href":"https:\/\/silm.orgo.ee\/fi\/wp-json\/wp\/v2\/users\/3"}],"replies":[{"embeddable":true,"href":"https:\/\/silm.orgo.ee\/fi\/wp-json\/wp\/v2\/comments?post=972"}],"version-history":[{"count":5,"href":"https:\/\/silm.orgo.ee\/fi\/wp-json\/wp\/v2\/pages\/972\/revisions"}],"predecessor-version":[{"id":1141,"href":"https:\/\/silm.orgo.ee\/fi\/wp-json\/wp\/v2\/pages\/972\/revisions\/1141"}],"wp:attachment":[{"href":"https:\/\/silm.orgo.ee\/fi\/wp-json\/wp\/v2\/media?parent=972"}],"curies":[{"name":"wp","href":"https:\/\/api.w.org\/{rel}","templated":true}]}}