{"id":969,"date":"2026-03-05T11:14:59","date_gmt":"2026-03-05T11:14:59","guid":{"rendered":"https:\/\/silm.orgo.ee\/asiakaspaiva\/"},"modified":"2026-04-17T14:43:56","modified_gmt":"2026-04-17T14:43:56","slug":"asiakaspaiva","status":"publish","type":"page","link":"https:\/\/silm.orgo.ee\/fi\/asiakaspaiva\/","title":{"rendered":"Asiakasp\u00e4iv\u00e4"},"content":{"rendered":"<div\n    class=\"alignfull wp-block-content-image-row alignfull content-image-row-block w-full overflow-hidden font-tt-commons bg-white\">\n    <div class=\"w-full max-w-[1440px] mx-auto px-6 md:px-12 lg:pl-[48px] lg:pr-[164px] py-12 lg:py-[48px]\">\n        <div\n            class=\"flex flex-col lg:flex-row items-center gap-8 lg:gap-[164px] lg:flex-row-reverse\">\n\n            \n            <div class=\"w-full lg:flex-1 flex flex-col gap-6 lg:gap-[32px]\">\n                \n                <div class=\"flex flex-col gap-4 lg:gap-[16px]\">\n                                            <h2\n                            class=\"text-[24px] lg:text-[28px] leading-[28px] font-normal text-[#1C1C1C] lg:max-w-[416px]\">\n                            Tule laserleikkauksen asiakasp\u00e4iv\u00e4\u00e4n 18.3.\n                        <\/h2>\n                    \n                                            <div class=\"content-image-row-content text-[#1C1C1C] lg:max-w-[416px]\">\n                            <p class=\"sqsrte-large preFade fadeIn\" data-rte-preserve-empty=\"true\">Kaikki asiakasp\u00e4iv\u00e4\u00e4n osallistujat voivat tulla <strong>maksuttomaan <\/strong>esitutkimukseen ja <strong>saavat -10 % alennuksen <\/strong>leikkauksesta!<\/p>\n<p class=\"preFade fadeIn\" data-rte-preserve-empty=\"true\"><strong>Jos haluat osallistua asiakasp\u00e4iv\u00e4\u00e4n, t\u00e4yt\u00e4 t\u00e4ll\u00e4 sivulla oleva lomake. Ilmoittauduthan vain, jos olet 18\u201345-vuotias.<\/strong><\/p>\n<p class=\"preFade fadeIn\" data-rte-preserve-empty=\"true\">Asiakasp\u00e4iv\u00e4 j\u00e4rjestet\u00e4\u00e4n 18. maaliskuuta kello 17.00\u201318.30 Silmalaserin silm\u00e4klinikalla Stockmannin 5. kerroksessa.<\/p>\n\n                        <\/div>\n                                    <\/div>\n\n                \n                            <\/div>\n\n            \n            <div class=\"w-full lg:w-[648px] lg:h-[430px] shrink-0\">\n                                    <div\n                        class=\"w-full aspect-[648\/430] lg:aspect-auto lg:h-[430px] relative overflow-hidden rounded-[12px]\">\n                        <img decoding=\"async\" src=\"https:\/\/silm.orgo.ee\/app\/uploads\/2026\/03\/kliendipaev-kodukas-scaled.jpg\" alt=\"\"\n                            class=\"w-full h-full object-cover\">\n                    <\/div>\n                            <\/div>\n\n        <\/div>\n    <\/div>\n<\/div>\n\n<div class=\"wp-block-columns is-layout-flex wp-container-core-columns-is-layout-28f84493 wp-block-columns-is-layout-flex\">\n<div class=\"wp-block-column is-layout-flow wp-block-column-is-layout-flow\">\n<div class=\"forminator-guttenberg\"><div class=\"forminator-ui forminator-custom-form forminator-custom-form-738 forminator-design--basic  forminator_ajax\" data-forminator-render=\"0\" data-form=\"forminator-module-738\" data-uid=\"69e880ae71530\"><br\/><\/div><form\r\n\t\t\t\tid=\"forminator-module-738\"\r\n\t\t\t\tclass=\"forminator-ui forminator-custom-form forminator-custom-form-738 forminator-design--basic  forminator_ajax\"\r\n\t\t\t\tmethod=\"post\"\r\n\t\t\t\tdata-forminator-render=\"0\"\r\n\t\t\t\tdata-form-id=\"738\"\r\n\t\t\t\t data-color-option=\"theme\" data-design=\"basic\" data-grid=\"open\" style=\"display: none;\"\r\n\t\t\t\tdata-uid=\"69e880ae71530\"\r\n\t\t\t><div role=\"alert\" aria-live=\"polite\" class=\"forminator-response-message forminator-error\" aria-hidden=\"true\"><\/div><div class=\"forminator-row\"><div id=\"name-1\" class=\"forminator-field-name forminator-col forminator-col-12 \"><div class=\"forminator-field\"><label for=\"forminator-field-name-1_69e880ae71530\" id=\"forminator-field-name-1_69e880ae71530-label\" class=\"forminator-label\">Nimi <span class=\"forminator-required\">*<\/span><\/label><input type=\"text\" name=\"name-1\" value=\"\" placeholder=\"Nimi\" id=\"forminator-field-name-1_69e880ae71530\" class=\"forminator-input forminator-name--field\" aria-required=\"true\" autocomplete=\"name\" \/><\/div><\/div><\/div><div class=\"forminator-row\"><div id=\"email-1\" class=\"forminator-field-email forminator-col forminator-col-12 \"><div class=\"forminator-field\"><label for=\"forminator-field-email-1_69e880ae71530\" id=\"forminator-field-email-1_69e880ae71530-label\" class=\"forminator-label\">E-mail <span class=\"forminator-required\">*<\/span><\/label><input type=\"email\" name=\"email-1\" value=\"\" placeholder=\"E-mail\" id=\"forminator-field-email-1_69e880ae71530\" class=\"forminator-input forminator-email--field\" data-required=\"1\" aria-required=\"true\" autocomplete=\"email\" \/><\/div><\/div><\/div><div class=\"forminator-row\"><div id=\"phone-1\" class=\"forminator-field-phone forminator-col forminator-col-12 \"><div class=\"forminator-field\"><label for=\"forminator-field-phone-1_69e880ae71530\" id=\"forminator-field-phone-1_69e880ae71530-label\" class=\"forminator-label\">Telefon<\/label><input type=\"text\" name=\"phone-1\" value=\"\" placeholder=\"Telefon\" id=\"forminator-field-phone-1_69e880ae71530\" class=\"forminator-input forminator-field--phone\" data-required=\"\" aria-required=\"false\" autocomplete=\"off\" \/><\/div><\/div><\/div><div class=\"forminator-row\"><div id=\"number-1\" class=\"forminator-field-number forminator-col forminator-col-12 \"><div class=\"forminator-field\"><label for=\"forminator-field-number-1_69e880ae71530\" id=\"forminator-field-number-1_69e880ae71530-label\" class=\"forminator-label\">Vanus <span class=\"forminator-required\">*<\/span><\/label><input name=\"number-1\" value=\"\" placeholder=\"Laseroperatsioone teostame vanusele 18-45 eluaastat\" id=\"forminator-field-number-1_69e880ae71530\" class=\"forminator-input forminator-number--field\" inputmode=\"decimal\" data-required=\"1\" data-decimals=\"0\" aria-required=\"true\" data-inputmask=\"&#039;groupSeparator&#039;: &#039;&#039;, &#039;radixPoint&#039;: &#039;&#039;, &#039;digits&#039;: &#039;0&#039;\" data-hidden-behavior=\"zero\" type=\"number\" step=\"any\" min=\"18\" max=\"45\" \/><\/div><\/div><\/div><input type=\"hidden\" name=\"referer_url\" value=\"\" \/><div class=\"forminator-row forminator-row-last\"><div class=\"forminator-col\"><div class=\"forminator-field\"><button class=\"forminator-button forminator-button-submit\">Registreeri<\/button><\/div><\/div><\/div><input type=\"hidden\" id=\"forminator_nonce\" name=\"forminator_nonce\" value=\"f4f8e95f61\" \/><input type=\"hidden\" name=\"_wp_http_referer\" value=\"\/fi\/wp-json\/wp\/v2\/pages\/969\" \/><input type=\"hidden\" name=\"form_id\" value=\"738\"><input type=\"hidden\" name=\"page_id\" value=\"969\"><input type=\"hidden\" name=\"form_type\" value=\"default\"><input type=\"hidden\" name=\"current_url\" value=\"https:\/\/silm.orgo.ee\/fi\/asiakaspaiva\/\"><input type=\"hidden\" name=\"render_id\" value=\"0\"><input type=\"hidden\" name=\"action\" value=\"forminator_submit_form_custom-forms\"><\/form><\/div>\n<\/div>\n<\/div>\n","protected":false},"excerpt":{"rendered":"","protected":false},"author":3,"featured_media":0,"parent":0,"menu_order":0,"comment_status":"closed","ping_status":"closed","template":"","meta":{"_acf_changed":false,"footnotes":""},"class_list":["post-969","page","type-page","status-publish","hentry"],"acf":[],"_links":{"self":[{"href":"https:\/\/silm.orgo.ee\/fi\/wp-json\/wp\/v2\/pages\/969","targetHints":{"allow":["GET"]}}],"collection":[{"href":"https:\/\/silm.orgo.ee\/fi\/wp-json\/wp\/v2\/pages"}],"about":[{"href":"https:\/\/silm.orgo.ee\/fi\/wp-json\/wp\/v2\/types\/page"}],"author":[{"embeddable":true,"href":"https:\/\/silm.orgo.ee\/fi\/wp-json\/wp\/v2\/users\/3"}],"replies":[{"embeddable":true,"href":"https:\/\/silm.orgo.ee\/fi\/wp-json\/wp\/v2\/comments?post=969"}],"version-history":[{"count":5,"href":"https:\/\/silm.orgo.ee\/fi\/wp-json\/wp\/v2\/pages\/969\/revisions"}],"predecessor-version":[{"id":1139,"href":"https:\/\/silm.orgo.ee\/fi\/wp-json\/wp\/v2\/pages\/969\/revisions\/1139"}],"wp:attachment":[{"href":"https:\/\/silm.orgo.ee\/fi\/wp-json\/wp\/v2\/media?parent=969"}],"curies":[{"name":"wp","href":"https:\/\/api.w.org\/{rel}","templated":true}]}}