{"id":961,"date":"2026-03-05T11:16:22","date_gmt":"2026-03-05T11:16:22","guid":{"rendered":"https:\/\/silm.orgo.ee\/ohjeet-potilaalle\/"},"modified":"2026-04-17T14:43:56","modified_gmt":"2026-04-17T14:43:56","slug":"ohjeet-potilaalle","status":"publish","type":"page","link":"https:\/\/silm.orgo.ee\/fi\/ohjeet-potilaalle\/","title":{"rendered":"Ohjeet potilaalle"},"content":{"rendered":"<div\n    class=\"alignfull wp-block-simple-hero alignfull lg:-mt-[140px] simple-hero-block relative overflow-hidden font-tt-commons flex flex-col lg:block\">\n\n    \n    <div class=\"simple-hero-bg-desktop hidden lg:block absolute inset-0\">\n                    <img decoding=\"async\" src=\"https:\/\/silm.orgo.ee\/app\/uploads\/2026\/03\/Silmalaser_Optometristi-vastuvott-40.jpg\" alt=\"\" class=\"w-full h-full object-cover object-center\"\n                data-acf-inline-fields-uid=\"block_f8c1fc52065bc242940da0177d8bb026bg_image\" data-acf-inline-fields=\"[{&quot;fieldName&quot;:&quot;bg_image&quot;,&quot;fieldIcon&quot;:null,&quot;fieldLabel&quot;:&quot;Background Image&quot;,&quot;useExpandedEditor&quot;:false,&quot;popoverMinWidth&quot;:&quot;300px&quot;}]\" role=\"button\" tabindex=\"0\">\n            <\/div>\n\n    \n    <div class=\"hidden lg:block absolute left-0 top-0 h-full w-[65%] backdrop-blur-[50px] bg-white\/[0.01]\"\n        style=\"mask-image: linear-gradient(to right, black 0%, black 50%, transparent 100%); -webkit-mask-image: linear-gradient(to right, black 0%, black 50%, transparent 100%);\">\n    <\/div>\n\n    \n    <div class=\"hidden lg:block absolute inset-0 bg-gradient-to-r from-black\/40 via-black\/20 to-transparent\"><\/div>\n\n    \n    <div class=\"simple-hero-bg-mobile block lg:hidden w-full h-[260px] md:h-[340px] relative overflow-hidden\">\n                    <img decoding=\"async\" src=\"https:\/\/silm.orgo.ee\/app\/uploads\/2026\/03\/Silmalaser_Optometristi-vastuvott-40.jpg\" alt=\"\"\n                class=\"w-full h-full object-cover object-center\">\n            <\/div>\n\n    \n    <div class=\"relative z-10 w-full bg-[#1C1C1C] lg:bg-transparent py-[40px] md:py-[48px] lg:pt-[200px] lg:pb-[120px]\">\n        <div class=\"max-w-[1440px] mx-auto px-6 md:px-12\">\n            <div class=\"max-w-[552px] flex flex-col gap-6\">\n                                    <h1 class=\"text-[36px] lg:text-[48px] leading-none font-normal text-white !text-white\"\n                        data-acf-inline-fields-uid=\"block_f8c1fc52065bc242940da0177d8bb026title\" data-acf-inline-fields=\"[{&quot;fieldName&quot;:&quot;title&quot;,&quot;fieldIcon&quot;:null,&quot;fieldLabel&quot;:&quot;Title&quot;,&quot;useExpandedEditor&quot;:false,&quot;popoverMinWidth&quot;:&quot;300px&quot;}]\" role=\"button\" tabindex=\"0\">\n                        Ohjeet potilaalle\n                    <\/h1>\n                \n                                    <p class=\"text-[18px] lg:text-[24px] leading-[28px] lg:leading-[34px] text-white !text-white\" data-acf-inline-fields-uid=\"block_f8c1fc52065bc242940da0177d8bb026description\" data-acf-inline-fields=\"[{&quot;fieldName&quot;:&quot;description&quot;,&quot;fieldIcon&quot;:null,&quot;fieldLabel&quot;:&quot;Description&quot;,&quot;useExpandedEditor&quot;:false,&quot;popoverMinWidth&quot;:&quot;300px&quot;}]\" role=\"button\" tabindex=\"0\">\n                        T\u00e4\u00e4lt\u00e4 l\u00f6yd\u00e4t t\u00e4rke\u00e4\u00e4 tietoa ja ohjeet, jotka auttavat valmistautumaan linssileikkaukseen.\n                    <\/p>\n                \n                \n                            <\/div>\n        <\/div>\n    <\/div>\n<\/div>\n<div\n    class=\"content-groups-block bg-white pt-0 pb-16 lg:py-24 overflow-hidden font-tt-commons alignfull wp-block-content-groups\">\n            \n        <div class=\"lg:hidden w-full bg-[#F3F4F9] px-6 md:px-12 pt-6 pb-6 mb-10\">\n            <div class=\"max-w-[1440px] mx-auto\">\n                <label for=\"content-groups-nav-select\" class=\"sr-only\">Content section<\/label>\n                <select id=\"content-groups-nav-select\"\n                    class=\"content-groups-nav-select w-full rounded-full border border-[#1C1C1C] py-3 px-5 text-[16px] font-medium leading-[24px] text-[#1C1C1C] bg-white appearance-none cursor-pointer pr-10 bg-no-repeat bg-[length:16px_16px] bg-[right_1rem_center]\"\n                    style=\"background-image: url('data:image\/svg+xml,%3Csvg width=%2216%22 height=%2216%22 viewBox=%220 0 16 16%22 fill=%22none%22 xmlns=%22http:\/\/www.w3.org\/2000\/svg%22%3E%3Cpath d=%22M4.41406 6.87891L6.70703 9.17187L6.70703 2.58594L8.70703 2.58594L8.70703 9.17187L11 6.87891L12.4141 8.29297L7.70703 13L3 8.29297L4.41406 6.87891Z%22 fill=%22%231C1C1C%22\/%3E%3C\/svg%3E');\"\n                    aria-label=\"Content navigation\">\n                                            <option value=\"ennen-leikkausta-ja-leikkauksen-jalkeen\">Ennen leikkausta ja leikkauksen j\u00e4lkeen<\/option>\n                                            <option value=\"linssileikkauksen-jalkeen\">Linssileikkauksen j\u00e4lkeen<\/option>\n                                            <option value=\"mahdolliset-komplikaatiot\">Mahdolliset komplikaatiot<\/option>\n                                    <\/select>\n            <\/div>\n        <\/div>\n\n        <div class=\"max-w-[1440px] mx-auto px-6 md:px-12\">\n            <div class=\"flex flex-col lg:flex-row lg:items-start gap-8 lg:gap-12\">\n                \n                <div class=\"hidden lg:block lg:w-[300px] shrink-0\">\n                    <nav class=\"lg:sticky lg:top-48 flex flex-col gap-12\"\n                        aria-label=\"Content navigation\">\n                                                    <a href=\"#ennen-leikkausta-ja-leikkauksen-jalkeen\"\n                                class=\"content-groups-nav-link group flex items-center gap-2 text-[16px] font-medium whitespace-nowrap transition-all duration-300 text-brand-blue\"\n                                data-target=\"ennen-leikkausta-ja-leikkauksen-jalkeen\">\n                                <span class=\"leading-[24px]\">Ennen leikkausta ja leikkauksen j\u00e4lkeen<\/span>\n                                <svg class=\"content-groups-nav-arrow w-4 h-4 shrink-0\" xmlns=\"http:\/\/www.w3.org\/2000\/svg\"\n                                    viewBox=\"0 0 16 16\" fill=\"none\">\n                                    <path\n                                        d=\"M4.41406 6.87891L6.70703 9.17187L6.70703 2.58594L8.70703 2.58594L8.70703 9.17187L11 6.87891L12.4141 8.29297L7.70703 13L3 8.29297L4.41406 6.87891Z\"\n                                        fill=\"currentColor\" \/>\n                                <\/svg>\n                            <\/a>\n                                                    <a href=\"#linssileikkauksen-jalkeen\"\n                                class=\"content-groups-nav-link group flex items-center gap-2 text-[16px] font-medium whitespace-nowrap transition-all duration-300 text-brand-blue\"\n                                data-target=\"linssileikkauksen-jalkeen\">\n                                <span class=\"leading-[24px]\">Linssileikkauksen j\u00e4lkeen<\/span>\n                                <svg class=\"content-groups-nav-arrow w-4 h-4 shrink-0\" xmlns=\"http:\/\/www.w3.org\/2000\/svg\"\n                                    viewBox=\"0 0 16 16\" fill=\"none\">\n                                    <path\n                                        d=\"M4.41406 6.87891L6.70703 9.17187L6.70703 2.58594L8.70703 2.58594L8.70703 9.17187L11 6.87891L12.4141 8.29297L7.70703 13L3 8.29297L4.41406 6.87891Z\"\n                                        fill=\"currentColor\" \/>\n                                <\/svg>\n                            <\/a>\n                                                    <a href=\"#mahdolliset-komplikaatiot\"\n                                class=\"content-groups-nav-link group flex items-center gap-2 text-[16px] font-medium whitespace-nowrap transition-all duration-300 text-brand-blue\"\n                                data-target=\"mahdolliset-komplikaatiot\">\n                                <span class=\"leading-[24px]\">Mahdolliset komplikaatiot<\/span>\n                                <svg class=\"content-groups-nav-arrow w-4 h-4 shrink-0\" xmlns=\"http:\/\/www.w3.org\/2000\/svg\"\n                                    viewBox=\"0 0 16 16\" fill=\"none\">\n                                    <path\n                                        d=\"M4.41406 6.87891L6.70703 9.17187L6.70703 2.58594L8.70703 2.58594L8.70703 9.17187L11 6.87891L12.4141 8.29297L7.70703 13L3 8.29297L4.41406 6.87891Z\"\n                                        fill=\"currentColor\" \/>\n                                <\/svg>\n                            <\/a>\n                                            <\/nav>\n                <\/div>\n\n                \n                <div class=\"flex-1 min-w-0 flex flex-col gap-14\">\n                                            <section id=\"ennen-leikkausta-ja-leikkauksen-jalkeen\" class=\"content-groups-section scroll-mt-32\">\n                            \n                            <h3 class=\"text-[28px] leading-[28px] font-normal text-[#1C1C1C] mb-6\">\n                                Ennen leikkausta ja leikkauksen j\u00e4lkeen\n                            <\/h3>\n\n                            \n                                                            <div class=\"content-groups-content text-[16px] leading-[24px] text-[#1C1C1C] max-w-[90%]\">\n                                    <h3>Piilolinssit<\/h3>\n<p>Piilolinssej\u00e4 ei saa k\u00e4ytt\u00e4\u00e4 viikon ajan ennen leikkausta.<\/p>\n<h3>Kosmetiikka<\/h3>\n<p>Leikkausp\u00e4iv\u00e4n\u00e4 ei saa k\u00e4ytt\u00e4\u00e4 kosmetiikkaa eik\u00e4 hajuvesi\u00e4. Silmien ymp\u00e4rill\u00e4 ei my\u00f6sk\u00e4\u00e4n ole suositeltavaa k\u00e4ytt\u00e4\u00e4 kosmetiikkaa viikon ajan leikkauksen j\u00e4lkeen. Ripsipidennykset tai tekoripset on poistettava v\u00e4hint\u00e4\u00e4n viikkoa ennen leikkausta, ja ne voidaan laittaa uudelleen kuukauden kuluttua leikkauksesta.<\/p>\n<h3>Pukeutuminen<\/h3>\n<p>Saavu leikkaukseen mukavissa pitk\u00e4hihaisissa vaatteissa. \u00c4l\u00e4 pukeudu korkeakauluksisiin p\u00e4\u00e4n yli puettaviin vaatteisiin.<\/p>\n<h3>L\u00e4\u00e4kkeet<\/h3>\n<p>Jatka leikkausp\u00e4iv\u00e4n\u00e4 p\u00e4ivitt\u00e4isten l\u00e4\u00e4kkeidesi ottamista tavalliseen tapaan. Leikkausp\u00e4iv\u00e4n\u00e4 kirurgi kirjoittaa sinulle tulehdusta ehk\u00e4isevien silm\u00e4tippojen s\u00e4hk\u00f6isen reseptin. Niit\u00e4 on alettava k\u00e4ytt\u00e4\u00e4 ensimm\u00e4isen\u00e4 leikkauksen j\u00e4lkeisen\u00e4 p\u00e4iv\u00e4n\u00e4.<\/p>\n<h3>Saapuminen<\/h3>\n<p>Saavu paikalle 15 minuuttia ennen sovittua aikaa. Koko leikkausp\u00e4iv\u00e4n kesto on noin 3\u20134 tuntia.<\/p>\n<h3>Ota mukaan<\/h3>\n<p>aurinkolasit suojaamaan silmi\u00e4 p\u00f6lylt\u00e4 ja muilta hiukkasilta sek\u00e4 kirkkaalta valolta. Tarvittaessa voit ostaa klinikaltamme laadukkaat aurinkolasit.<\/p>\n<h3>Kotiinl\u00e4ht\u00f6 leikkauksen j\u00e4lkeen<\/h3>\n<p>Leikkauksen j\u00e4lkeen et saa ajaa itse autoa etk\u00e4 k\u00e4ytt\u00e4\u00e4 julkisia liikennev\u00e4lineit\u00e4. Jos mahdollista, pyyd\u00e4 joku hakemaan sinut tai tilaa taksi.<\/p>\n<h3>J\u00e4lkitarkastus<\/h3>\n<p>Kaksi leikkauksen j\u00e4lkeist\u00e4 silm\u00e4tarkastusta ovat potilaalle maksuttomia. Pakolliset tarkastukset ovat:<\/p>\n<ul>\n<li>Leikkauksen j\u00e4lkeisell\u00e4 viikolla kirurgin kanssa sovitusti.<\/li>\n<li>Toinen tarkastus tehd\u00e4\u00e4n optometristin vastaanotolla yhden kuukauden kuluttua, ellei l\u00e4\u00e4k\u00e4ri ole m\u00e4\u00e4r\u00e4nnyt toisin.<\/li>\n<\/ul>\n\n                                <\/div>\n                            \n                            \n                                                    <\/section>\n                                            <section id=\"linssileikkauksen-jalkeen\" class=\"content-groups-section scroll-mt-32\">\n                            \n                            <h3 class=\"text-[28px] leading-[28px] font-normal text-[#1C1C1C] mb-6\">\n                                Linssileikkauksen j\u00e4lkeen\n                            <\/h3>\n\n                            \n                                                            <div class=\"content-groups-content text-[16px] leading-[24px] text-[#1C1C1C] max-w-[90%]\">\n                                    <ul>\n<li>Leikkausp\u00e4iv\u00e4n\u00e4 ei saa ajaa autoa.<\/li>\n<li>Silm\u00e4 tarvitsee jatkohoitoa silm\u00e4tipoilla l\u00e4\u00e4k\u00e4rin m\u00e4\u00e4r\u00e4yksen mukaisesti.<\/li>\n<li>Leikkauksen j\u00e4lkeisen ty\u00f6kyvytt\u00f6myysjakson pituus on yksil\u00f6llinen ja riippuu potilaan ammatista.<\/li>\n<li>Saunominen, uima-altaassa uiminen, silm\u00e4n painaminen ja painavien esineiden (yli 15 kg) nostaminen on kielletty kolme viikkoa leikkauksesta.<\/li>\n<li>Keinolinssi asetetaan pysyv\u00e4sti silm\u00e4\u00e4n, eik\u00e4 se vaadi jatkossa erityist\u00e4 huoltoa.<\/li>\n<li>Jos silm\u00e4\u00e4n alkaa koskea tai n\u00e4k\u00f6 huononee yht\u00e4kki\u00e4 kuukauden kuluessa leikkauksesta, mene pikaisesti silm\u00e4l\u00e4\u00e4k\u00e4riin.<\/li>\n<li>Moniteholinssej\u00e4 k\u00e4ytett\u00e4ess\u00e4 uuteen n\u00e4k\u00f6\u00f6n tottuminen eli aivojen sopeutuminen vie aikaa. Ajan mittaan eri et\u00e4isyyksille tarkentamiseen kuluva aika lyhenee, ja \u00f6isin esiintyvien haloilmi\u00f6iden kokemisen voimakkuus v\u00e4henee. Tottumisaika on yksil\u00f6llinen ja voi kest\u00e4\u00e4 3\u201312 kuukautta.<\/li>\n<li>Aiemmin likin\u00e4k\u00f6isill\u00e4 on enemm\u00e4n ongelmia l\u00e4helle n\u00e4kemisen kanssa leikkauksen j\u00e4lkeisen ensimm\u00e4isen viikon aikana.<\/li>\n<\/ul>\n\n                                <\/div>\n                            \n                            \n                                                    <\/section>\n                                            <section id=\"mahdolliset-komplikaatiot\" class=\"content-groups-section scroll-mt-32\">\n                            \n                            <h3 class=\"text-[28px] leading-[28px] font-normal text-[#1C1C1C] mb-6\">\n                                Mahdolliset komplikaatiot\n                            <\/h3>\n\n                            \n                                                            <div class=\"content-groups-content text-[16px] leading-[24px] text-[#1C1C1C] max-w-[90%]\">\n                                    <ul>\n<li>Silm\u00e4nsis\u00e4inen tulehdus ja siit\u00e4 johtuva n\u00e4k\u00f6vaurio tai n\u00e4\u00f6n menetys (riski noin 1:5000 leikkausta kohti).<\/li>\n<li>Harmaakaihileikkaus voi edesauttaa verkkokalvon irtaumaa (riski on suurempi silmiss\u00e4, joiden likin\u00e4k\u00f6isyys on yli -5 dioptria), joka vaatii leikkaushoitoa.<\/li>\n<li>Silmien liit\u00e4nn\u00e4issairaudet tai yleissairaudet (verenpainetauti, diabetes, veren hyytymish\u00e4iri\u00f6t) voivat edist\u00e4\u00e4 leikkauksen aikaista verkkokalvon tai lasiaisen verenvuotoa.<\/li>\n<li>Sarveiskalvon turvotus ja vaurioituminen (keratopatia) on harvinainen komplikaatio, joka aiheuttaa n\u00e4\u00f6ntarkkuuden heikentymist\u00e4 ja kipua silm\u00e4ss\u00e4. Yleens\u00e4 sarveiskalvon turvotus laskee ajan my\u00f6t\u00e4. Riski riippuu sarveiskalvon ja endoteelisolujen tilasta ennen leikkausta.<\/li>\n<li>Makulaturvotus \u2013 turvotus silm\u00e4npohjassa verkkokalvon tarkan n\u00e4\u00f6n alueella. Oireena on n\u00e4\u00f6n muuttuminen niin, ett\u00e4 suorat viivat muuttuvat kaareviksi. Riski turvotuksen syntymiselle on n. 1\u20132 %. Turvotus h\u00e4vi\u00e4\u00e4 yleens\u00e4 itsest\u00e4\u00e4n, mutta saattaa vaatia my\u00f6s silm\u00e4tippahoitoa tai silm\u00e4injektiota.<\/li>\n<li>Ep\u00e4tarkkuudet keinolinssien vahvuuden valinnassa, mink\u00e4 seurauksena keinolinssi on liian heikko tai liian vahva. Nykyaikaiset leikkausta edelt\u00e4v\u00e4t ennakoivat mittausv\u00e4lineet eiv\u00e4t takaa absoluuttista tulosta. Jos todenn\u00e4k\u00f6isyys on &lt; 5 %, silm\u00e4 saattaa vaatia lis\u00e4leikkausta eksimeerilaserilla (LASIK tai PRK) tai lis\u00e4keinolinssin asettamista silm\u00e4\u00e4n. Kyseisill\u00e4 leikkauksilla saadaan hyvi\u00e4 tuloksia, mutta ne eiv\u00e4t ole t\u00e4ysin riskitt\u00f6mi\u00e4.<\/li>\n<li>Leikkauksen j\u00e4lkeen (noin 40 %:lla potilaista) linssikapseli voi ajan my\u00f6t\u00e4 samentua, mink\u00e4 vuoksi n\u00e4\u00f6ntarkkuus heikkenee. Samentuma voidaan poistaa erityisell\u00e4 laserilla vastaanoton aikana, ja ongelma on ratkaistu vain 10 minuutissa.<\/li>\n<li style=\"list-style-type: none;\"><\/li>\n<\/ul>\n\n                                <\/div>\n                            \n                            \n                                                            <div class=\"question-section-box mt-8 flex flex-col sm:flex-row sm:items-center gap-4 sm:gap-6 p-6 border-t-2 border-white bg-[#F5F6FF]\">\n                                    \n                                    <div class=\"flex shrink-0 items-center justify-center w-16 h-16 rounded-xl bg-brand-blue\/20\">\n                                        <svg class=\"w-6 h-6 text-brand-blue shrink-0\" xmlns=\"http:\/\/www.w3.org\/2000\/svg\" width=\"24\" height=\"24\" viewBox=\"0 0 24 24\" fill=\"none\" stroke=\"currentColor\" stroke-width=\"2\" stroke-linecap=\"round\" aria-hidden=\"true\">\n                                            <path d=\"M12 18V18.01M8 10C8 7.79086 9.79086 6 12 6C14.2091 6 16 7.79086 16 10C16 11.8675 14.7202 13.4361 12.9899 13.8766C12.4547 14.0128 12 14.4477 12 15M23 12C23 18.0751 18.0751 23 12 23C5.92487 23 1 18.0751 1 12C1 5.92487 5.92487 1 12 1C18.0751 1 23 5.92487 23 12Z\"\/>\n                                        <\/svg>\n                                    <\/div>\n                                    \n                                    <div class=\"min-w-0 flex-1\">\n                                        <h4 class=\"question-section-title text-[24px] leading-[28px] font-normal text-[#1C1C1C] mb-1\">\n                                            Onko sinulla kysytt\u00e4v\u00e4\u00e4?\n                                        <\/h4>\n                                        <div class=\"question-section-body text-[16px] leading-[24px] text-[#1C1C1C] content-style\">\n                                                                                            <p>\n                                                                                                            Please call Silmalaser reception:\n                                                                                                                    <a href=\"tel:+3726750017\" class=\"text-brand-blue underline hover:no-underline\">+372 675 0017<\/a>\n                                                                                                                                                                            or leave a message by e-mail:\n                                                                                                                                                                            <a href=\"mailto:info@silmalaser.ee\" class=\"text-brand-blue underline hover:no-underline\">info@silmalaser.ee<\/a>\n                                                                                                                                                            <\/p>\n                                                                                    <\/div>\n                                    <\/div>\n                                <\/div>\n                                                    <\/section>\n                                    <\/div>\n            <\/div>\n        <\/div>\n    <\/div>\n\n\n<script>\n    document.addEventListener('DOMContentLoaded', function() {\n        const block = document.querySelector('.content-groups-block');\n        if (!block) return;\n\n        const navLinks = block.querySelectorAll('.content-groups-nav-link');\n        const sections = block.querySelectorAll('.content-groups-section');\n        const selectEl = block.querySelector('#content-groups-nav-select');\n\n        navLinks.forEach(link => {\n            link.addEventListener('click', function(e) {\n                e.preventDefault();\n                const targetId = this.getAttribute('href').substring(1);\n                const targetSection = document.getElementById(targetId);\n                if (targetSection) {\n                    targetSection.scrollIntoView({ behavior: 'smooth', block: 'start' });\n                }\n            });\n        });\n\n        if (selectEl && sections.length > 0) {\n            selectEl.addEventListener('change', function() {\n                const targetId = this.value;\n                const targetSection = document.getElementById(targetId);\n                if (targetSection) {\n                    targetSection.scrollIntoView({ behavior: 'smooth', block: 'start' });\n                }\n            });\n\n            const sectionIds = Array.from(sections).map(s => s.id).filter(Boolean);\n            if (sectionIds.length > 0) {\n                const observer = new IntersectionObserver(\n                    (entries) => {\n                        for (const entry of entries) {\n                            if (!entry.isIntersecting) continue;\n                            const id = entry.target.id;\n                            if (id && selectEl.value !== id) selectEl.value = id;\n                            break;\n                        }\n                    },\n                    { rootMargin: '-30% 0px -60% 0px', threshold: 0 }\n                );\n                sections.forEach(section => observer.observe(section));\n            }\n        }\n    });\n<\/script>\n","protected":false},"excerpt":{"rendered":"","protected":false},"author":3,"featured_media":0,"parent":0,"menu_order":0,"comment_status":"closed","ping_status":"closed","template":"","meta":{"_acf_changed":false,"footnotes":""},"class_list":["post-961","page","type-page","status-publish","hentry"],"acf":[],"_links":{"self":[{"href":"https:\/\/silm.orgo.ee\/fi\/wp-json\/wp\/v2\/pages\/961","targetHints":{"allow":["GET"]}}],"collection":[{"href":"https:\/\/silm.orgo.ee\/fi\/wp-json\/wp\/v2\/pages"}],"about":[{"href":"https:\/\/silm.orgo.ee\/fi\/wp-json\/wp\/v2\/types\/page"}],"author":[{"embeddable":true,"href":"https:\/\/silm.orgo.ee\/fi\/wp-json\/wp\/v2\/users\/3"}],"replies":[{"embeddable":true,"href":"https:\/\/silm.orgo.ee\/fi\/wp-json\/wp\/v2\/comments?post=961"}],"version-history":[{"count":5,"href":"https:\/\/silm.orgo.ee\/fi\/wp-json\/wp\/v2\/pages\/961\/revisions"}],"predecessor-version":[{"id":1135,"href":"https:\/\/silm.orgo.ee\/fi\/wp-json\/wp\/v2\/pages\/961\/revisions\/1135"}],"wp:attachment":[{"href":"https:\/\/silm.orgo.ee\/fi\/wp-json\/wp\/v2\/media?parent=961"}],"curies":[{"name":"wp","href":"https:\/\/api.w.org\/{rel}","templated":true}]}}