{"id":958,"date":"2026-03-05T11:22:30","date_gmt":"2026-03-05T11:22:30","guid":{"rendered":"https:\/\/silm.orgo.ee\/henkilotietojen-kasittely\/"},"modified":"2026-04-17T14:43:56","modified_gmt":"2026-04-17T14:43:56","slug":"henkilotietojen-kasittely","status":"publish","type":"page","link":"https:\/\/silm.orgo.ee\/fi\/henkilotietojen-kasittely\/","title":{"rendered":"Henkil\u00f6tietojen k\u00e4sittely"},"content":{"rendered":"<div\n    class=\"alignfull wp-block-simple-hero alignfull lg:-mt-[140px] simple-hero-block relative overflow-hidden font-tt-commons flex flex-col lg:block\">\n\n    \n    <div class=\"simple-hero-bg-desktop hidden lg:block absolute inset-0\">\n                    <img decoding=\"async\" src=\"https:\/\/silm.orgo.ee\/app\/uploads\/2026\/03\/Silmalaser_Optometristi-vastuvott-40.jpg\" alt=\"\" class=\"w-full h-full object-cover object-center\"\n                data-acf-inline-fields-uid=\"block_e9108a4686023d1f89632a4ac8b3489bbg_image\" data-acf-inline-fields=\"[{&quot;fieldName&quot;:&quot;bg_image&quot;,&quot;fieldIcon&quot;:null,&quot;fieldLabel&quot;:&quot;Background Image&quot;,&quot;useExpandedEditor&quot;:false,&quot;popoverMinWidth&quot;:&quot;300px&quot;}]\" role=\"button\" tabindex=\"0\">\n            <\/div>\n\n    \n    <div class=\"hidden lg:block absolute left-0 top-0 h-full w-[65%] backdrop-blur-[50px] bg-white\/[0.01]\"\n        style=\"mask-image: linear-gradient(to right, black 0%, black 50%, transparent 100%); -webkit-mask-image: linear-gradient(to right, black 0%, black 50%, transparent 100%);\">\n    <\/div>\n\n    \n    <div class=\"hidden lg:block absolute inset-0 bg-gradient-to-r from-black\/40 via-black\/20 to-transparent\"><\/div>\n\n    \n    <div class=\"simple-hero-bg-mobile block lg:hidden w-full h-[260px] md:h-[340px] relative overflow-hidden\">\n                    <img decoding=\"async\" src=\"https:\/\/silm.orgo.ee\/app\/uploads\/2026\/03\/Silmalaser_Optometristi-vastuvott-40.jpg\" alt=\"\"\n                class=\"w-full h-full object-cover object-center\">\n            <\/div>\n\n    \n    <div class=\"relative z-10 w-full bg-[#1C1C1C] lg:bg-transparent py-[40px] md:py-[48px] lg:pt-[200px] lg:pb-[120px]\">\n        <div class=\"max-w-[1440px] mx-auto px-6 md:px-12\">\n            <div class=\"max-w-[552px] flex flex-col gap-6\">\n                                    <h1 class=\"text-[36px] lg:text-[48px] leading-none font-normal text-white !text-white\"\n                        data-acf-inline-fields-uid=\"block_e9108a4686023d1f89632a4ac8b3489btitle\" data-acf-inline-fields=\"[{&quot;fieldName&quot;:&quot;title&quot;,&quot;fieldIcon&quot;:null,&quot;fieldLabel&quot;:&quot;Title&quot;,&quot;useExpandedEditor&quot;:false,&quot;popoverMinWidth&quot;:&quot;300px&quot;}]\" role=\"button\" tabindex=\"0\">\n                        Henkil\u00f6tietojen k\u00e4sittely\n                    <\/h1>\n                \n                \n                \n                            <\/div>\n        <\/div>\n    <\/div>\n<\/div>\n\n<div class=\"wp-block-columns is-layout-flex wp-container-core-columns-is-layout-28f84493 wp-block-columns-is-layout-flex\">\n<div class=\"wp-block-column is-layout-flow wp-block-column-is-layout-flow\" style=\"padding-top:var(--wp--preset--spacing--60);padding-bottom:var(--wp--preset--spacing--60)\">\n<p>Kaikki ihmiseen ja h\u00e4nen olemassaoloonsa liittyv\u00e4 on kuvattavissa datana. Henkil\u00f6tietoja ovat esimerkiksi henkil\u00f6n nimi, osoite ja yhteystiedot, mutta my\u00f6s tiedot h\u00e4nen taloudellisesta tilanteestaan jne. Lis\u00e4ksi henkil\u00f6tietoihin kuuluvat my\u00f6s arkaluonteiset henkil\u00f6tiedot, joita ovat esimerkiksi henkil\u00f6n terveystiedot. Henkil\u00f6tietoja ovat siis kaikki henkil\u00f6n tunnistamisen mahdollistavat tiedot riippumatta siit\u00e4, miss\u00e4 muodossa kyseiset tiedot ovat.<\/p>\n\n\n\n<p>Henkil\u00f6tietojen k\u00e4sittelyll\u00e4 tarkoitetaan mit\u00e4 tahansa henkil\u00f6tietoihin kohdistuvaa toimenpidett\u00e4. Silmalaser O\u00dc k\u00e4sittelee henkil\u00f6tietoja, mukaan lukien terveystietoja, erikoissairaanhoidon tarjoamiseksi. Silm\u00e4klinikka osallistuu my\u00f6s opetus- ja tutkimusty\u00f6n puitteissa tapahtuvien tutkimusten toteuttamiseen ja suorittaa muita teht\u00e4vi\u00e4, jotka klinikalle on annettu eri s\u00e4\u00e4d\u00f6ksill\u00e4.<\/p>\n\n\n\n<p>K\u00e4sittelemme henkil\u00f6tietojasi, jos:<\/p>\n\n\n\n<ul class=\"wp-block-list\">\n<li>Vierailet klinikallamme \u2013 k\u00e4sittelemme henkil\u00f6tietojasi mukaan lukien terveydentilaasi koskevat tiedot sairauden, vamman tai loukkaantumisen j\u00e4lkeisen tilan diagnosoimiseksi ja hoitamiseksi, oireiden lievitt\u00e4miseksi, terveydentilan tai sairauden pahenemisen est\u00e4miseksi ja terveyden palauttamiseksi<\/li>\n\n\n\n<li>l\u00e4heisesi on hoidossa klinikallamme \u2013 k\u00e4sittelemme henkil\u00f6tietojasi todentaaksemme yhteytesi potilaaseen. Annamme sinulle potilaan l\u00e4hiomaisena tietoa potilaan terveydentilasta, jos potilas tai tutkintaviranomainen (esim. poliisi) ei ole kielt\u00e4nyt tietojen luovuttamista,<\/li>\n\n\n\n<li>potilas on ilmoittanut sinut yhteyshenkil\u00f6kseen \u2013 k\u00e4sittelemme henkil\u00f6tietojasi potilaaseen liittyv\u00e4n tiedon v\u00e4litt\u00e4miseksi,<\/li>\n\n\n\n<li>haluat saada potilasasiakirjasi \u2013 k\u00e4yt\u00e4mme sinun tai suostumuksellasi asiakirjojen saamiseksi pyynn\u00f6n esitt\u00e4neen henkil\u00f6n henkil\u00f6tietoja haluttujen asiakirjojen luovuttamiseen,<\/li>\n\n\n\n<li>l\u00e4het\u00e4t meille selvityspyynn\u00f6n, huomautuksen, tietopyynn\u00f6n tai valituksen \u2013 k\u00e4yt\u00e4mme henkil\u00f6tietojasi valituksessa mainittujen asioiden selvitt\u00e4miseen ja viestiin vastaamiseen. Jos olet l\u00e4hett\u00e4nyt meille viestin, johon voi vastata vain toinen taho, l\u00e4het\u00e4mme viestin heille ja ilmoitamme siit\u00e4 sinulle.<\/li>\n\n\n\n<li>Jos l\u00e4het\u00e4t meille ehdotuksen tai kiitoksen \u2013 julkaisemme suostumuksellasi henkil\u00f6tietosi (nimi) klinikkamme verkkosivuilla ja intranetiss\u00e4.<\/li>\n\n\n\n<li>Jos haet meille t\u00f6ihin \u2013 perustamme p\u00e4\u00e4t\u00f6ksemme ilmoittamiisi tietoihin ja julkisista l\u00e4hteist\u00e4 ker\u00e4ttyihin tietoihin. Odotamme, ett\u00e4 voimme olla yhteydess\u00e4 hakijan suosittelijoiksi nimettyihin henkil\u00f6ihin. Jokaisella hakijalla on oikeus tiet\u00e4\u00e4, mit\u00e4 tietoja olemme ker\u00e4nneet h\u00e4nest\u00e4, ja h\u00e4nell\u00e4 on oikeus tutustua ker\u00e4\u00e4miimme tietoihin, antaa selvityksi\u00e4 tai esitt\u00e4\u00e4 vastav\u00e4itteit\u00e4. Muiden hakijoiden tietoja ei julkaista.<\/li>\n\n\n\n<li>Suoritat maksuja varausj\u00e4rjestelm\u00e4ss\u00e4mme \u2013 Silmalaser O\u00dc on henkil\u00f6tietojen rekisterinpit\u00e4j\u00e4, Silmalaser O\u00dc v\u00e4litt\u00e4\u00e4 maksujen suorittamiseen tarvittavat henkil\u00f6tiedot tietojen k\u00e4sittelij\u00e4lle Maksekeskus AS:lle.<\/li>\n<\/ul>\n\n\n\n<p>Meill\u00e4 on oikeus luovuttaa henkil\u00f6tietojasi (mukaan lukien nimi, henkil\u00f6tunnus ja yhteystiedot) sek\u00e4 velkoja koskevat tiedot julkaistavaksi maksuh\u00e4iri\u00f6rekisteriss\u00e4 (esim. AS Krediidiinfon maksuh\u00e4iri\u00f6rekisteri), jos olet ollut yritykselle velkaa yli 30 p\u00e4iv\u00e4\u00e4, sek\u00e4 velan perimiseksi perint\u00e4toimisto(i)lle.<\/p>\n\n\n\n<p><strong>Turvakamerat<\/strong><\/p>\n\n\n\n<p>Klinikalle on asennettu turvakamerat omaisuuden s\u00e4ilytt\u00e4mist\u00e4 uhkaavien tilanteiden ehk\u00e4isemiseksi, vaaratilanteeseen reagoimiseksi tai omaisuuden vahingoittamistilanteessa tekij\u00e4n selvitt\u00e4miseksi. Kyseess\u00e4 ovat klinikan rakennusten ulkoseiniin tai sis\u00e4tiloihin asennetut kamerat, jotka v\u00e4litt\u00e4v\u00e4t kuvaa reaaliajassa, tallentavat sen ja mahdollistavat sen k\u00e4sittelyn ja toistamisen my\u00f6hemmin. Kamerat eiv\u00e4t saa tallentaa \u00e4\u00e4nt\u00e4 tai tarkkailla tietty\u00e4 henkil\u00f6\u00e4, vaan ainoastaan tietty\u00e4 aluetta (esim. sis\u00e4tilaa tai piha-aluetta) ja siell\u00e4 tapahtuvaa. Sairaala k\u00e4ytt\u00e4\u00e4 kameroiden avulla ker\u00e4tty\u00e4 tietoa k\u00e4sitelless\u00e4\u00e4n turvatoimia, jotka suojaavat ker\u00e4tty\u00e4 tietoa tahattomalta tai luvattomalta tarkkailulta, kopioinnilta, muuttamiselta, siirt\u00e4miselt\u00e4 ja poistamiselta. Tallenteita voidaan luovuttaa klinikan ulkopuolelle tai mahdollistaa niihin p\u00e4\u00e4sy vain, jos siihen on oikeudellinen peruste (esim. poliisille).<br\/>Kameratallenteita s\u00e4ilytet\u00e4\u00e4n 30 kalenterip\u00e4iv\u00e4\u00e4. S\u00e4ilytysajan p\u00e4\u00e4tytty\u00e4 tallenteet poistetaan joko poistamalla tai korvaamalla tiedot kameran teknisist\u00e4 ominaisuuksista riippuen.<\/p>\n\n\n\n<p><strong>Kirjeenvaihto<\/strong><\/p>\n\n\n\n<p>Kaikki meille l\u00e4hetetyt viestit rekister\u00f6id\u00e4\u00e4n klinikan asiakirjahallintaj\u00e4rjestelm\u00e4\u00e4n. Yksityishenkil\u00f6iden kanssa k\u00e4yt\u00e4v\u00e4\u00e4n kirjeenvaihtoon sovelletaan yleist\u00e4 p\u00e4\u00e4syrajoitusta, koska kirjeenvaihto sis\u00e4lt\u00e4\u00e4 henkil\u00f6tietoja. T\u00e4m\u00e4 tarkoittaa sit\u00e4, ett\u00e4 jos joku haluaa tutustua yksityishenkil\u00f6n kirjeenvaihtoon tai asiakirjoihin, h\u00e4nen on esitett\u00e4v\u00e4 tietopyynt\u00f6 yritykselle. Kun saamme tietopyynn\u00f6n, tarkistamme, saako pyydettyj\u00e4 asiakirjoja luovuttaa tai saako niit\u00e4 luovuttaa osittain. Jos kyseess\u00e4 on osittainen luovutus, peit\u00e4mme ne henkil\u00f6tietosi, joiden k\u00e4sittelyyn hakijalla ei ole oikeutta tietojen liiallisen luovuttamisen v\u00e4ltt\u00e4miseksi.<\/p>\n\n\n\n<p>Mahdolliset p\u00e4\u00e4syrajoitusten perusteet on esitetty\u00a0<a href=\"https:\/\/www.riigiteataja.ee\/akt\/119122012004?leiaKehtiv#para35\">julkisen tiedon lain 35 \u00a7:ss\u00e4<\/a>.<\/p>\n\n\n\n<p>P\u00e4\u00e4syrajoituksesta huolimatta luovutamme sinua koskevia asiakirjoja viranomaisille tai henkil\u00f6ille, joilla on laillinen oikeus pyyt\u00e4\u00e4 n\u00e4it\u00e4 asiakirjoja (esim. poliisi, sairausvakuutuskassa, terveysvirasto, vakuutuksenantaja vakuutustapauksissa jne.)<\/p>\n\n\n\n<p>L\u00e4het\u00e4mme arkaluonteisia henkil\u00f6tietoja sis\u00e4lt\u00e4v\u00e4t asiakirjat vastaanottajille kirjattuna kirjeen\u00e4 tai salattuna s\u00e4hk\u00f6postina. Viranomaisille v\u00e4lit\u00e4mme asiakirjat mahdollisuuksien mukaan suojatun asiakirjanvaihtokeskuksen kautta.<\/p>\n\n\n\n<p>Yksityishenkil\u00f6iden kanssa k\u00e4yt\u00e4v\u00e4\u00e4 kirjeenvaihtoa s\u00e4ilyt\u00e4mme yleens\u00e4 viisi vuotta, mink\u00e4 j\u00e4lkeen asiakirjat h\u00e4vitet\u00e4\u00e4n.<\/p>\n\n\n\n<p><strong>Omien tietojen tarkastelu<\/strong><\/p>\n\n\n\n<p>Sinulla on oikeus tarkastella tietoja, joita olemme ker\u00e4nneet sinusta. L\u00e4het\u00e4 t\u00e4t\u00e4 varten k\u00e4sin tai s\u00e4hk\u00f6isesti allekirjoitettu pyynt\u00f6.<\/p>\n\n\n\n<p>Kielt\u00e4ydymme noudattamasta tarkastelupyynt\u00f6\u00e4si, jos se voi:<\/p>\n\n\n\n<ul class=\"wp-block-list\">\n<li>vahingoittaa toisen henkil\u00f6n oikeuksia ja vapauksia,<\/li>\n\n\n\n<li>est\u00e4\u00e4 rikoksen torjuntaa tai rikollisen kiinni ottamista,<\/li>\n\n\n\n<li>vaikeuttaa totuuden selvitt\u00e4mist\u00e4 rikosoikeudellisessa menettelyss\u00e4,<\/li>\n\n\n\n<li>vaarantaa lapsen syntyper\u00e4n salassapidon.<\/li>\n<\/ul>\n\n\n\n<p>Sinulla on oikeus pyyt\u00e4\u00e4 virheellisten henkil\u00f6tietojen korjaamista. Jos meill\u00e4 ei en\u00e4\u00e4 ole laillista perustetta henkil\u00f6tietojesi k\u00e4ytt\u00e4miseen, voit pyyt\u00e4\u00e4 kyseisten tietojen k\u00e4yt\u00f6n lopettamista tai poistamista. Noudatamme pyynt\u00f6\u00e4si korjata tiedot, lopettaa niiden k\u00e4ytt\u00f6 tai poistaa ne, jos pyynt\u00f6 on perusteltu.<\/p>\n\n\n\n<p>Jos sinulla on ep\u00e4ilyksi\u00e4 sairaalamme l\u00e4\u00e4k\u00e4rin tekem\u00e4st\u00e4 p\u00e4\u00e4t\u00f6ksest\u00e4, voit pyyt\u00e4\u00e4 toiselta erikoisl\u00e4\u00e4k\u00e4rilt\u00e4 toisen lausunnon, jonka tarkoituksena on antaa arvio<\/p>\n\n\n\n<ul class=\"wp-block-list\">\n<li>diagnoosin oikeellisuudesta,<\/li>\n\n\n\n<li>potilaalle m\u00e4\u00e4r\u00e4tyn l\u00e4\u00e4kkeen tai terveydenhoitopalvelun tarpeellisuudesta,<\/li>\n\n\n\n<li>selitetyist\u00e4 vaihtoehdoista ja odotetusta vaikutuksesta sek\u00e4<\/li>\n\n\n\n<li>terveydenhoitopalvelun tarjoamiseen liittyvist\u00e4 riskeist\u00e4.<\/li>\n<\/ul>\n\n\n\n<p><strong>Tietojen s\u00e4ilytt\u00e4minen ja arkistointi<\/strong><\/p>\n\n\n\n<p>Silmalaser O\u00dc s\u00e4ilytt\u00e4\u00e4 henkil\u00f6tietoja seuraavien ajanjaksojen ajan: ty\u00f6ntekij\u00f6iden tietoja enint\u00e4\u00e4n 10 vuotta ty\u00f6sopimuksen p\u00e4\u00e4ttymisest\u00e4, ja toimia koskevat tiedot 15 vuotta sopimuksen p\u00e4\u00e4ttymisest\u00e4. Potilaiden terveystietojen s\u00e4ilytt\u00e4minen perustuu Viron sosiaaliministeri\u00f6n vuoden 2008 asetukseen nro 56 Terveydenhoitopalvelun tarjoamisen dokumentointi ja kyseisten asiakirjojen s\u00e4ilytt\u00e4misen ehdot ja menettelytavat.<\/p>\n\n\n\n<p><strong>Oikeuksien suojaaminen ja yhteystiedot<\/strong><\/p>\n\n\n\n<p>Jos sinulla on kysytt\u00e4v\u00e4\u00e4 henkil\u00f6tietojen k\u00e4sittelyst\u00e4, voit ottaa yhteytt\u00e4 yrityksemme tietosuojavastaavaan \u00a0s\u00e4hk\u00f6postitse \u00a0<a href=\"mailto:margot.moisavald@silmalaser.ee\">margot.moisavald@silmalaser.ee.<\/a><\/p>\n\n\n\n<p>Jos uskot, ett\u00e4 olemme loukanneet oikeuksiasi henkil\u00f6tietojesi k\u00e4sittelyss\u00e4, voit tehd\u00e4 valituksen joko klinikan tietosuojavastaavalle tai tietosuojavaltuutetulle (Andmekaitse Inspektsioon, V\u00e4ike-Ameerika 19, 10129 Tallinna, Viro, s\u00e4hk\u00f6postiosoite\u00a0<a href=\"mailto:info@aki.ee\">info@aki.ee<\/a>).<\/p>\n<\/div>\n<\/div>\n","protected":false},"excerpt":{"rendered":"<p>Kaikki ihmiseen ja h\u00e4nen olemassaoloonsa liittyv\u00e4 on kuvattavissa datana. Henkil\u00f6tietoja ovat esimerkiksi henkil\u00f6n nimi, osoite ja yhteystiedot, mutta my\u00f6s tiedot h\u00e4nen taloudellisesta tilanteestaan jne. Lis\u00e4ksi henkil\u00f6tietoihin kuuluvat my\u00f6s arkaluonteiset henkil\u00f6tiedot, joita ovat esimerkiksi henkil\u00f6n terveystiedot. Henkil\u00f6tietoja ovat siis kaikki henkil\u00f6n tunnistamisen mahdollistavat tiedot riippumatta siit\u00e4, miss\u00e4 muodossa kyseiset tiedot ovat. Henkil\u00f6tietojen k\u00e4sittelyll\u00e4 tarkoitetaan mit\u00e4 tahansa &hellip; <a href=\"https:\/\/silm.orgo.ee\/fi\/henkilotietojen-kasittely\/\">Continued<\/a><\/p>\n","protected":false},"author":3,"featured_media":0,"parent":0,"menu_order":0,"comment_status":"closed","ping_status":"closed","template":"","meta":{"_acf_changed":false,"footnotes":""},"class_list":["post-958","page","type-page","status-publish","hentry"],"acf":[],"_links":{"self":[{"href":"https:\/\/silm.orgo.ee\/fi\/wp-json\/wp\/v2\/pages\/958","targetHints":{"allow":["GET"]}}],"collection":[{"href":"https:\/\/silm.orgo.ee\/fi\/wp-json\/wp\/v2\/pages"}],"about":[{"href":"https:\/\/silm.orgo.ee\/fi\/wp-json\/wp\/v2\/types\/page"}],"author":[{"embeddable":true,"href":"https:\/\/silm.orgo.ee\/fi\/wp-json\/wp\/v2\/users\/3"}],"replies":[{"embeddable":true,"href":"https:\/\/silm.orgo.ee\/fi\/wp-json\/wp\/v2\/comments?post=958"}],"version-history":[{"count":5,"href":"https:\/\/silm.orgo.ee\/fi\/wp-json\/wp\/v2\/pages\/958\/revisions"}],"predecessor-version":[{"id":1133,"href":"https:\/\/silm.orgo.ee\/fi\/wp-json\/wp\/v2\/pages\/958\/revisions\/1133"}],"wp:attachment":[{"href":"https:\/\/silm.orgo.ee\/fi\/wp-json\/wp\/v2\/media?parent=958"}],"curies":[{"name":"wp","href":"https:\/\/api.w.org\/{rel}","templated":true}]}}