{"id":953,"date":"2026-03-09T14:17:45","date_gmt":"2026-03-09T14:17:45","guid":{"rendered":"https:\/\/silm.orgo.ee\/klinikka\/"},"modified":"2026-04-17T14:43:56","modified_gmt":"2026-04-17T14:43:56","slug":"klinikka","status":"publish","type":"page","link":"https:\/\/silm.orgo.ee\/fi\/klinikka\/","title":{"rendered":"Klinikka"},"content":{"rendered":"<div\n    class=\"alignfull wp-block-simple-hero alignfull lg:-mt-[140px] simple-hero-block relative overflow-hidden font-tt-commons flex flex-col lg:block\">\n\n    \n    <div class=\"simple-hero-bg-desktop hidden lg:block absolute inset-0\">\n                    <img decoding=\"async\" src=\"https:\/\/silm.orgo.ee\/app\/uploads\/2026\/03\/SILMALASER-X-STOCKMANN-by-Ichie-Visual-16.jpg\" alt=\"\" class=\"w-full h-full object-cover object-center\"\n                data-acf-inline-fields-uid=\"block_a4dfd5608e756ab8698a9fa61a1ebd85bg_image\" data-acf-inline-fields=\"[{&quot;fieldName&quot;:&quot;bg_image&quot;,&quot;fieldIcon&quot;:null,&quot;fieldLabel&quot;:&quot;Background Image&quot;,&quot;useExpandedEditor&quot;:false,&quot;popoverMinWidth&quot;:&quot;300px&quot;}]\" role=\"button\" tabindex=\"0\">\n            <\/div>\n\n    \n    <div class=\"hidden lg:block absolute left-0 top-0 h-full w-[65%] backdrop-blur-[50px] bg-white\/[0.01]\"\n        style=\"mask-image: linear-gradient(to right, black 0%, black 50%, transparent 100%); -webkit-mask-image: linear-gradient(to right, black 0%, black 50%, transparent 100%);\">\n    <\/div>\n\n    \n    <div class=\"hidden lg:block absolute inset-0 bg-gradient-to-r from-white\/80 via-white\/40 to-transparent\"><\/div>\n\n    \n    <div class=\"simple-hero-bg-mobile block lg:hidden w-full h-[260px] md:h-[340px] relative overflow-hidden\">\n                    <img decoding=\"async\" src=\"https:\/\/silm.orgo.ee\/app\/uploads\/2026\/03\/SILMALASER-X-STOCKMANN-by-Ichie-Visual-16.jpg\" alt=\"\"\n                class=\"w-full h-full object-cover object-center\">\n            <\/div>\n\n    \n    <div class=\"relative z-10 w-full bg-white lg:bg-transparent py-[40px] md:py-[48px] lg:pt-[200px] lg:pb-[120px]\">\n        <div class=\"max-w-[1440px] mx-auto px-6 md:px-12\">\n            <div class=\"max-w-[552px] flex flex-col gap-6\">\n                                    <h1 class=\"text-[36px] lg:text-[48px] leading-none font-normal text-[#1C1C1C] !text-[#1C1C1C]\"\n                        data-acf-inline-fields-uid=\"block_a4dfd5608e756ab8698a9fa61a1ebd85title\" data-acf-inline-fields=\"[{&quot;fieldName&quot;:&quot;title&quot;,&quot;fieldIcon&quot;:null,&quot;fieldLabel&quot;:&quot;Title&quot;,&quot;useExpandedEditor&quot;:false,&quot;popoverMinWidth&quot;:&quot;300px&quot;}]\" role=\"button\" tabindex=\"0\">\n                        Klinikka\n                    <\/h1>\n                \n                                    <p class=\"text-[18px] lg:text-[24px] leading-[28px] lg:leading-[34px] text-[#1C1C1C] !text-[#1C1C1C]\" data-acf-inline-fields-uid=\"block_a4dfd5608e756ab8698a9fa61a1ebd85description\" data-acf-inline-fields=\"[{&quot;fieldName&quot;:&quot;description&quot;,&quot;fieldIcon&quot;:null,&quot;fieldLabel&quot;:&quot;Description&quot;,&quot;useExpandedEditor&quot;:false,&quot;popoverMinWidth&quot;:&quot;300px&quot;}]\" role=\"button\" tabindex=\"0\">\n                        Silmalaserin silm\u00e4klinikka on jo yli 25 vuoden ajan luonut asiakkailleen mahdollisuuksia p\u00e4\u00e4st\u00e4 eroon silm\u00e4laseista ja piilolinsseist\u00e4 \u2013 meill\u00e4 on Viron pisin kokemus laserleikkauksista ja olemme ainoa klinikka, joka tekee my\u00f6s laseravusteista linssileikkausta.\n                    <\/p>\n                \n                                    <div class=\"simple-hero-secondary-description text-[16px] lg:text-[18px] leading-[24px] text-[#1C1C1C] !text-[#1C1C1C] opacity-80 [&#038;_p]:mb-2 [&#038;_p:last-child]:mb-0 [&#038;_a]:underline [&#038;_a]:underline-offset-2 [&#038;_a:hover]:opacity-90\"\n                        data-acf-inline-fields-uid=\"block_a4dfd5608e756ab8698a9fa61a1ebd85secondary_description\" data-acf-inline-fields=\"[{&quot;fieldName&quot;:&quot;secondary_description&quot;,&quot;fieldIcon&quot;:null,&quot;fieldLabel&quot;:&quot;Secondary Description&quot;,&quot;useExpandedEditor&quot;:true,&quot;popoverMinWidth&quot;:&quot;600px&quot;}]\" role=\"button\" tabindex=\"0\">\n                        <p>Koska silm\u00e4laseista ei aina ole mahdollista p\u00e4\u00e4st\u00e4 eroon, tarjoamme lis\u00e4ksi l\u00e4hes kaikkia tapoja ja mahdollisuuksia silmien terveyden diagnostiikkaan ja erilaisten silm\u00e4sairauksien hoitoon. Suurin arvomme on henkil\u00f6kuntamme \u2013 kokeneet silm\u00e4l\u00e4\u00e4k\u00e4rit, kirurgit, optometristit ja sairaanhoitajat. Heid\u00e4n ansiostaan silm\u00e4keskuksessa pystyt\u00e4\u00e4n tunnistamaan ja hoitamaan periaatteessa kaikkia yleisimpi\u00e4 silm\u00e4ongelmia.<\/p>\n<p>Silm\u00e4klinikassa on my\u00f6s myynniss\u00e4 laaja valikoima eksklusiivisia optisia tuotteita ja aurinkolaseja sellaisilta laatuvalmistajilta kuin Serengeti, Lindberg, Dita, Starck, Maui Jim, Mykita, Modo, Matsuda, Lucas de Stael jne.<\/p>\n\n                    <\/div>\n                \n                            <\/div>\n        <\/div>\n    <\/div>\n<\/div>\n<div class=\"gallery-block relative w-full bg-[#1C1C1C] overflow-hidden alignfull wp-block-gallery\">\n    \n    <div class=\"absolute -bottom-24 -right-24 w-[400px] h-[400px] pointer-events-none opacity-20\">\n        <svg width=\"220\" height=\"220\" viewBox=\"0 0 220 220\" fill=\"none\" xmlns=\"http:\/\/www.w3.org\/2000\/svg\"\n            class=\"w-full h-full\">\n            <ellipse cx=\"109.7\" cy=\"109.625\" rx=\"108.7\" ry=\"108.625\" stroke=\"white\" stroke-width=\"2\" \/>\n            <path\n                d=\"M54.6904 150.133C53.7856 145.445 53.3118 140.603 53.3118 135.65C53.3118 93.6556 87.3784 59.6124 129.402 59.6124C171.425 59.6124 205.492 93.6556 205.492 135.65C205.492 158.17 195.695 178.403 180.128 192.326\"\n                stroke=\"white\" stroke-width=\"2\" \/>\n            <path\n                d=\"M164.901 68.714C165.829 73.4577 166.314 78.3593 166.314 83.3742C166.314 125.369 132.248 159.412 90.2244 159.412C48.2011 159.412 14.1345 125.369 14.1345 83.3742C14.1345 61.2091 23.6249 41.2592 38.7665 27.3608\"\n                stroke=\"white\" stroke-width=\"2\" \/>\n        <\/svg>\n    <\/div>\n\n    <div class=\"relative w-full max-w-[1440px] mx-auto px-6 lg:px-12 py-12 z-10\">\n        \n        \n        <div class=\"flex flex-col gap-8 lg:hidden\">\n            \n            <div class=\"max-w-[532px]\">\n                                    <h2 class=\"text-white text-[2.5rem] leading-none font-normal font-tt-commons mb-6\">\n                        Kes me oleme?\n                    <\/h2>\n                                                    <p class=\"text-white text-base leading-relaxed font-normal font-tt-commons mb-8\">\n                        Silmalaser on pikima kogemusega ja laiap\u00f5hjalisem laserprotseduuride teostaja Eestis. Pakume laserkorrektsiooni nii l\u00fchi- kui kaugn\u00e4gelikele silmadele ja paljusid teisi kaasaegse silmakirurgia protseduure \u2013 n\u00e4iteks lisal\u00e4\u00e4tse paigaldus, l\u00e4\u00e4tsevahetus ja kaeoperatsioonid. Meie juurest saab abi enamike silmahaiguste puhul.\n                    <\/p>\n                                            <\/div>\n\n            \n                    <\/div>\n\n        \n        <div class=\"hidden lg:flex flex-col lg:flex-row gap-6\">\n\n            \n            <div class=\"w-full lg:w-1\/2 flex flex-col gap-4 lg:gap-6\">\n                \n                <div class=\"flex gap-4 lg:gap-6\">\n                    <div class=\"w-[70%] aspect-4\/3 rounded-xl overflow-hidden\">\n                                                    <div class=\"w-full h-full bg-gray-700 flex items-center justify-center\">\n                                <svg class=\"w-8 h-8 text-gray-500\" fill=\"none\" stroke=\"currentColor\"\n                                    viewBox=\"0 0 24 24\">\n                                    <path stroke-linecap=\"round\" stroke-linejoin=\"round\" stroke-width=\"1.5\"\n                                        d=\"M4 16l4.586-4.586a2 2 0 012.828 0L16 16m-2-2l1.586-1.586a2 2 0 012.828 0L20 14m-6-6h.01M6 20h12a2 2 0 002-2V6a2 2 0 00-2-2H6a2 2 0 00-2 2v12a2 2 0 002 2z\" \/>\n                                <\/svg>\n                            <\/div>\n                                            <\/div>\n                    <div class=\"w-[30%] aspect-3\/4 rounded-xl overflow-hidden\">\n                                                    <div class=\"w-full h-full bg-gray-700 flex items-center justify-center\">\n                                <svg class=\"w-6 h-6 text-gray-500\" fill=\"none\" stroke=\"currentColor\"\n                                    viewBox=\"0 0 24 24\">\n                                    <path stroke-linecap=\"round\" stroke-linejoin=\"round\" stroke-width=\"1.5\"\n                                        d=\"M4 16l4.586-4.586a2 2 0 012.828 0L16 16m-2-2l1.586-1.586a2 2 0 012.828 0L20 14m-6-6h.01M6 20h12a2 2 0 002-2V6a2 2 0 00-2-2H6a2 2 0 00-2 2v12a2 2 0 002 2z\" \/>\n                                <\/svg>\n                            <\/div>\n                                            <\/div>\n                <\/div>\n\n                \n                <div class=\"flex gap-4 lg:gap-6\">\n                    <div class=\"w-[30%] aspect-3\/4 rounded-xl overflow-hidden\">\n                                                    <div class=\"w-full h-full bg-gray-700 flex items-center justify-center\">\n                                <svg class=\"w-6 h-6 text-gray-500\" fill=\"none\" stroke=\"currentColor\"\n                                    viewBox=\"0 0 24 24\">\n                                    <path stroke-linecap=\"round\" stroke-linejoin=\"round\" stroke-width=\"1.5\"\n                                        d=\"M4 16l4.586-4.586a2 2 0 012.828 0L16 16m-2-2l1.586-1.586a2 2 0 012.828 0L20 14m-6-6h.01M6 20h12a2 2 0 002-2V6a2 2 0 00-2-2H6a2 2 0 00-2 2v12a2 2 0 002 2z\" \/>\n                                <\/svg>\n                            <\/div>\n                                            <\/div>\n                    <div class=\"w-[70%] aspect-4\/3 rounded-xl overflow-hidden\">\n                                                    <div class=\"w-full h-full bg-gray-700 flex items-center justify-center\">\n                                <svg class=\"w-8 h-8 text-gray-500\" fill=\"none\" stroke=\"currentColor\"\n                                    viewBox=\"0 0 24 24\">\n                                    <path stroke-linecap=\"round\" stroke-linejoin=\"round\" stroke-width=\"1.5\"\n                                        d=\"M4 16l4.586-4.586a2 2 0 012.828 0L16 16m-2-2l1.586-1.586a2 2 0 012.828 0L20 14m-6-6h.01M6 20h12a2 2 0 002-2V6a2 2 0 00-2-2H6a2 2 0 00-2 2v12a2 2 0 002 2z\" \/>\n                                <\/svg>\n                            <\/div>\n                                            <\/div>\n                <\/div>\n\n                \n                <div class=\"flex gap-4 lg:gap-6\">\n                    <div class=\"w-[70%] aspect-4\/3 rounded-xl overflow-hidden\">\n                                                    <div class=\"w-full h-full bg-gray-700 flex items-center justify-center\">\n                                <svg class=\"w-8 h-8 text-gray-500\" fill=\"none\" stroke=\"currentColor\"\n                                    viewBox=\"0 0 24 24\">\n                                    <path stroke-linecap=\"round\" stroke-linejoin=\"round\" stroke-width=\"1.5\"\n                                        d=\"M4 16l4.586-4.586a2 2 0 012.828 0L16 16m-2-2l1.586-1.586a2 2 0 012.828 0L20 14m-6-6h.01M6 20h12a2 2 0 002-2V6a2 2 0 00-2-2H6a2 2 0 00-2 2v12a2 2 0 002 2z\" \/>\n                                <\/svg>\n                            <\/div>\n                                            <\/div>\n                    <div class=\"w-[30%] aspect-3\/4 rounded-xl overflow-hidden\">\n                                                    <div class=\"w-full h-full bg-gray-700 flex items-center justify-center\">\n                                <svg class=\"w-6 h-6 text-gray-500\" fill=\"none\" stroke=\"currentColor\"\n                                    viewBox=\"0 0 24 24\">\n                                    <path stroke-linecap=\"round\" stroke-linejoin=\"round\" stroke-width=\"1.5\"\n                                        d=\"M4 16l4.586-4.586a2 2 0 012.828 0L16 16m-2-2l1.586-1.586a2 2 0 012.828 0L20 14m-6-6h.01M6 20h12a2 2 0 002-2V6a2 2 0 00-2-2H6a2 2 0 00-2 2v12a2 2 0 002 2z\" \/>\n                                <\/svg>\n                            <\/div>\n                                            <\/div>\n                <\/div>\n            <\/div>\n\n            \n            <div class=\"w-full lg:w-1\/2 flex flex-col gap-6\">\n                \n                <div class=\"flex gap-4 lg:gap-6\">\n                    <div class=\"w-[70%] aspect-4\/3 rounded-xl overflow-hidden\">\n                                                    <div class=\"w-full h-full bg-gray-700 flex items-center justify-center\">\n                                <svg class=\"w-8 h-8 text-gray-500\" fill=\"none\" stroke=\"currentColor\"\n                                    viewBox=\"0 0 24 24\">\n                                    <path stroke-linecap=\"round\" stroke-linejoin=\"round\" stroke-width=\"1.5\"\n                                        d=\"M4 16l4.586-4.586a2 2 0 012.828 0L16 16m-2-2l1.586-1.586a2 2 0 012.828 0L20 14m-6-6h.01M6 20h12a2 2 0 002-2V6a2 2 0 00-2-2H6a2 2 0 00-2 2v12a2 2 0 002 2z\" \/>\n                                <\/svg>\n                            <\/div>\n                                            <\/div>\n                    <div class=\"w-[30%] aspect-3\/4 rounded-xl overflow-hidden\">\n                                                    <div class=\"w-full h-full bg-gray-700 flex items-center justify-center\">\n                                <svg class=\"w-6 h-6 text-gray-500\" fill=\"none\" stroke=\"currentColor\"\n                                    viewBox=\"0 0 24 24\">\n                                    <path stroke-linecap=\"round\" stroke-linejoin=\"round\" stroke-width=\"1.5\"\n                                        d=\"M4 16l4.586-4.586a2 2 0 012.828 0L16 16m-2-2l1.586-1.586a2 2 0 012.828 0L20 14m-6-6h.01M6 20h12a2 2 0 002-2V6a2 2 0 00-2-2H6a2 2 0 00-2 2v12a2 2 0 002 2z\" \/>\n                                <\/svg>\n                            <\/div>\n                                            <\/div>\n                <\/div>\n\n                \n                <div class=\"flex-1 flex items-center pl-6 lg:pl-16 xl:pl-20 py-6 lg:py-0\">\n                    <div class=\"max-w-[532px]\">\n                                                    <h2\n                                class=\"text-white text-[2.5rem] lg:text-[3rem] leading-none font-normal font-tt-commons mb-6\">\n                                Kes me oleme?\n                            <\/h2>\n                        \n                                                    <p\n                                class=\"text-white text-base lg:text-lg leading-relaxed font-normal font-tt-commons mb-8\">\n                                Silmalaser on pikima kogemusega ja laiap\u00f5hjalisem laserprotseduuride teostaja Eestis. Pakume laserkorrektsiooni nii l\u00fchi- kui kaugn\u00e4gelikele silmadele ja paljusid teisi kaasaegse silmakirurgia protseduure \u2013 n\u00e4iteks lisal\u00e4\u00e4tse paigaldus, l\u00e4\u00e4tsevahetus ja kaeoperatsioonid. Meie juurest saab abi enamike silmahaiguste puhul.\n                            <\/p>\n                        \n                                            <\/div>\n                <\/div>\n            <\/div>\n\n        <\/div>\n    <\/div>\n<\/div>\n\n\n<p><\/p>\n","protected":false},"excerpt":{"rendered":"","protected":false},"author":3,"featured_media":0,"parent":0,"menu_order":0,"comment_status":"closed","ping_status":"closed","template":"","meta":{"_acf_changed":false,"footnotes":""},"class_list":["post-953","page","type-page","status-publish","hentry"],"acf":[],"_links":{"self":[{"href":"https:\/\/silm.orgo.ee\/fi\/wp-json\/wp\/v2\/pages\/953","targetHints":{"allow":["GET"]}}],"collection":[{"href":"https:\/\/silm.orgo.ee\/fi\/wp-json\/wp\/v2\/pages"}],"about":[{"href":"https:\/\/silm.orgo.ee\/fi\/wp-json\/wp\/v2\/types\/page"}],"author":[{"embeddable":true,"href":"https:\/\/silm.orgo.ee\/fi\/wp-json\/wp\/v2\/users\/3"}],"replies":[{"embeddable":true,"href":"https:\/\/silm.orgo.ee\/fi\/wp-json\/wp\/v2\/comments?post=953"}],"version-history":[{"count":5,"href":"https:\/\/silm.orgo.ee\/fi\/wp-json\/wp\/v2\/pages\/953\/revisions"}],"predecessor-version":[{"id":1129,"href":"https:\/\/silm.orgo.ee\/fi\/wp-json\/wp\/v2\/pages\/953\/revisions\/1129"}],"wp:attachment":[{"href":"https:\/\/silm.orgo.ee\/fi\/wp-json\/wp\/v2\/media?parent=953"}],"curies":[{"name":"wp","href":"https:\/\/api.w.org\/{rel}","templated":true}]}}