{"id":951,"date":"2026-03-16T19:06:43","date_gmt":"2026-03-16T19:06:43","guid":{"rendered":"https:\/\/silm.orgo.ee\/vastuuvakuutus\/"},"modified":"2026-04-17T14:43:55","modified_gmt":"2026-04-17T14:43:55","slug":"vastuuvakuutus","status":"publish","type":"page","link":"https:\/\/silm.orgo.ee\/fi\/vastuuvakuutus\/","title":{"rendered":"Vastuuvakuutus"},"content":{"rendered":"<div\n    class=\"alignfull wp-block-simple-hero alignfull lg:-mt-[140px] simple-hero-block relative overflow-hidden font-tt-commons flex flex-col lg:block\">\n\n    \n    <div class=\"simple-hero-bg-desktop hidden lg:block absolute inset-0\">\n                    \n            <div class=\"absolute inset-0 bg-linear-to-br from-gray-700 to-gray-900\"><\/div>\n            <\/div>\n\n    \n    <div class=\"hidden lg:block absolute left-0 top-0 h-full w-[65%] backdrop-blur-[50px] bg-white\/[0.01]\"\n        style=\"mask-image: linear-gradient(to right, black 0%, black 50%, transparent 100%); -webkit-mask-image: linear-gradient(to right, black 0%, black 50%, transparent 100%);\">\n    <\/div>\n\n    \n    <div class=\"hidden lg:block absolute inset-0 bg-gradient-to-r from-black\/40 via-black\/20 to-transparent\"><\/div>\n\n    \n    <div class=\"simple-hero-bg-mobile block lg:hidden w-full h-[260px] md:h-[340px] relative overflow-hidden\">\n                    <div class=\"absolute inset-0 bg-linear-to-br from-gray-700 to-gray-900\"><\/div>\n            <\/div>\n\n    \n    <div class=\"relative z-10 w-full bg-[#1C1C1C] lg:bg-transparent py-[40px] md:py-[48px] lg:pt-[200px] lg:pb-[120px]\">\n        <div class=\"max-w-[1440px] mx-auto px-6 md:px-12\">\n            <div class=\"max-w-[552px] flex flex-col gap-6\">\n                \n                \n                                    <div class=\"simple-hero-secondary-description text-[16px] lg:text-[18px] leading-[24px] text-white !text-white opacity-80 [&#038;_p]:mb-2 [&#038;_p:last-child]:mb-0 [&#038;_a]:underline [&#038;_a]:underline-offset-2 [&#038;_a:hover]:opacity-90\"\n                        data-acf-inline-fields-uid=\"block_68a05c113310546d8541fa10d0c48d97secondary_description\" data-acf-inline-fields=\"[{&quot;fieldName&quot;:&quot;secondary_description&quot;,&quot;fieldIcon&quot;:null,&quot;fieldLabel&quot;:&quot;Secondary Description&quot;,&quot;useExpandedEditor&quot;:true,&quot;popoverMinWidth&quot;:&quot;600px&quot;}]\" role=\"button\" tabindex=\"0\">\n                        <p><strong>Vakuutuksenantaja<\/strong>: PZU Kindlustus (AB &#8220;Lietuvos draudimas&#8221; Viron sivuliike)<\/p>\n<p><strong>Vakuutusajanjakso<\/strong>: 1.11.2025\u201330.10.2026<\/p>\n<p>&nbsp;<\/p>\n<p><strong>Vakuutussumma<\/strong>:<\/p>\n<p>3 000 000 euroa vakuutuskautta kohti<\/p>\n<p>300 000 euroa vakuutustapahtumaa kohti<\/p>\n<p>100 000 euroa oikeutettua henkil\u00f6\u00e4 kohti<\/p>\n<p>&nbsp;<\/p>\n<p><strong>Aineettoman vahingon vakuutussumma<\/strong>:<\/p>\n<p>100 000 euroa vakuutustapahtumaa kohti<\/p>\n<p>30 000 euroa oikeutettua henkil\u00f6\u00e4 kohti<\/p>\n<p>&nbsp;<\/p>\n<p>Korvausvaatimuksen esitt\u00e4minen:&nbsp;<a href=\"mailto:info@silmalaser.ee\">info@silmalaser.ee<\/a>&nbsp;tai&nbsp;<a href=\"https:\/\/www.pzu.ee\/iseteenindus\/\"><u>PZU Kindlustusin Itsepalvelu<\/u><\/a><\/p>\n<p>Esit\u00e4 korvausvaatimus t\u00e4ytt\u00e4m\u00e4ll\u00e4 PZU Kindlustusin&nbsp;<a href=\"https:\/\/www.pzu.ee\/iseteenindus\/\"><u>itsepalvelussa<\/u><\/a>&nbsp;oleva lomake, niin vakuutuksenantaja ottaa sinuun yhteytt\u00e4.<\/p>\n\n                    <\/div>\n                \n                            <\/div>\n        <\/div>\n    <\/div>\n<\/div>\n","protected":false},"excerpt":{"rendered":"","protected":false},"author":3,"featured_media":0,"parent":0,"menu_order":0,"comment_status":"closed","ping_status":"closed","template":"","meta":{"_acf_changed":false,"footnotes":""},"class_list":["post-951","page","type-page","status-publish","hentry"],"acf":[],"_links":{"self":[{"href":"https:\/\/silm.orgo.ee\/fi\/wp-json\/wp\/v2\/pages\/951","targetHints":{"allow":["GET"]}}],"collection":[{"href":"https:\/\/silm.orgo.ee\/fi\/wp-json\/wp\/v2\/pages"}],"about":[{"href":"https:\/\/silm.orgo.ee\/fi\/wp-json\/wp\/v2\/types\/page"}],"author":[{"embeddable":true,"href":"https:\/\/silm.orgo.ee\/fi\/wp-json\/wp\/v2\/users\/3"}],"replies":[{"embeddable":true,"href":"https:\/\/silm.orgo.ee\/fi\/wp-json\/wp\/v2\/comments?post=951"}],"version-history":[{"count":5,"href":"https:\/\/silm.orgo.ee\/fi\/wp-json\/wp\/v2\/pages\/951\/revisions"}],"predecessor-version":[{"id":1127,"href":"https:\/\/silm.orgo.ee\/fi\/wp-json\/wp\/v2\/pages\/951\/revisions\/1127"}],"wp:attachment":[{"href":"https:\/\/silm.orgo.ee\/fi\/wp-json\/wp\/v2\/media?parent=951"}],"curies":[{"name":"wp","href":"https:\/\/api.w.org\/{rel}","templated":true}]}}