{"id":1107,"date":"2026-02-04T10:58:29","date_gmt":"2026-02-04T10:58:29","guid":{"rendered":"https:\/\/silm.orgo.ee\/kampanjat\/"},"modified":"2026-04-17T14:43:17","modified_gmt":"2026-04-17T14:43:17","slug":"kampanjat","status":"publish","type":"page","link":"https:\/\/silm.orgo.ee\/fi\/kampanjat\/","title":{"rendered":"Kampanjat"},"content":{"rendered":"<div class=\"alignfull wp-block-heading alignfull  heading-block bg-[#F5F6FF] font-tt-commons\">\n    <div class=\"max-w-[1440px] mx-auto px-6 md:px-12 pt-[40px] md:pt-[48px] lg:pt-[200px] pb-16\">\n        <div class=\"max-w-[710px] mx-auto\">\n                            <h2 class=\"text-[32px] md:text-[48px] leading-[1] text-[#1C1C1C] text-center font-normal\"\n                    data-acf-inline-fields-uid=\"block_84a4da34e89ae51fc1be70ee735ebe79title\" data-acf-inline-fields=\"[{&quot;fieldName&quot;:&quot;title&quot;,&quot;fieldIcon&quot;:null,&quot;fieldLabel&quot;:&quot;Title&quot;,&quot;useExpandedEditor&quot;:false,&quot;popoverMinWidth&quot;:&quot;300px&quot;}]\" role=\"button\" tabindex=\"0\">\n                    Aktiiviset kampanjat\n                <\/h2>\n                    <\/div>\n    <\/div>\n<\/div>\n<div\n    class=\"alignfull wp-block-content-image-row alignfull content-image-row-block w-full overflow-hidden font-tt-commons bg-white\">\n    <div class=\"w-full max-w-[1440px] mx-auto px-6 md:px-12 lg:pl-[48px] lg:pr-[164px] py-12 lg:py-[48px]\">\n        <div\n            class=\"flex flex-col lg:flex-row items-center gap-8 lg:gap-[164px] lg:flex-row-reverse\">\n\n            \n            <div class=\"w-full lg:flex-1 flex flex-col gap-6 lg:gap-[32px]\">\n                \n                <div class=\"flex flex-col gap-4 lg:gap-[16px]\">\n                                            <h2\n                            class=\"text-[24px] lg:text-[28px] leading-[28px] font-normal text-[#1C1C1C] lg:max-w-[416px]\">\n                            Asiakasp\u00e4iv\u00e4 18.3. \u2013 tule kysym\u00e4\u00e4n kirurgiltamme!\n                        <\/h2>\n                    \n                                            <div class=\"content-image-row-content text-[#1C1C1C] lg:max-w-[416px]\">\n                            <p class=\"sqsrte-large preFade fadeIn\" data-rte-preserve-empty=\"true\">Kaikki asiakasp\u00e4iv\u00e4\u00e4n osallistujat voivat tulla <strong>maksuttomaan <\/strong>esitutkimukseen ja <strong>saavat -10 % alennuksen <\/strong>leikkauksesta!<\/p>\n<p class=\"preFade fadeIn\" data-rte-preserve-empty=\"true\"><strong>Jos haluat osallistua asiakasp\u00e4iv\u00e4\u00e4n, t\u00e4yt\u00e4 t\u00e4ll\u00e4 sivulla oleva lomake. Ilmoittauduthan vain, jos olet 18\u201345-vuotias.<\/strong><\/p>\n<p class=\"preFade fadeIn\" data-rte-preserve-empty=\"true\">Asiakasp\u00e4iv\u00e4 j\u00e4rjestet\u00e4\u00e4n klo 17.00\u201318.30 Silmalaserin silm\u00e4klinikalla Stockmannin 5. kerroksessa.<\/p>\n\n                        <\/div>\n                                    <\/div>\n\n                \n                                    <div>\n                        <a href=\"https:\/\/silm.orgo.ee\/fi\/asiakaspaiva\/\"\n                            target=\"_self\"\n                            class=\"inline-flex items-center justify-center border-2 border-brand-blue text-brand-blue font-medium text-[18px] leading-[24px] h-[48px] px-[32px] rounded-[32px] hover:bg-brand-blue hover:text-white transition-colors duration-300 no-underline\">\n                            Lue lis\u00e4\u00e4\n                        <\/a>\n                    <\/div>\n                            <\/div>\n\n            \n            <div class=\"w-full lg:w-[648px] lg:h-[430px] shrink-0\">\n                                    <div\n                        class=\"w-full aspect-[648\/430] lg:aspect-auto lg:h-[430px] relative overflow-hidden rounded-[12px]\">\n                        <img decoding=\"async\" src=\"https:\/\/silm.orgo.ee\/app\/uploads\/2026\/01\/c4aa793b3c6d2d9e380fd57c07419e41df51e45a.jpg\" alt=\"\"\n                            class=\"w-full h-full object-cover\">\n                    <\/div>\n                            <\/div>\n\n        <\/div>\n    <\/div>\n<\/div>\n","protected":false},"excerpt":{"rendered":"","protected":false},"author":1,"featured_media":0,"parent":0,"menu_order":0,"comment_status":"closed","ping_status":"closed","template":"","meta":{"_acf_changed":false,"footnotes":""},"class_list":["post-1107","page","type-page","status-publish","hentry"],"acf":[],"_links":{"self":[{"href":"https:\/\/silm.orgo.ee\/fi\/wp-json\/wp\/v2\/pages\/1107","targetHints":{"allow":["GET"]}}],"collection":[{"href":"https:\/\/silm.orgo.ee\/fi\/wp-json\/wp\/v2\/pages"}],"about":[{"href":"https:\/\/silm.orgo.ee\/fi\/wp-json\/wp\/v2\/types\/page"}],"author":[{"embeddable":true,"href":"https:\/\/silm.orgo.ee\/fi\/wp-json\/wp\/v2\/users\/1"}],"replies":[{"embeddable":true,"href":"https:\/\/silm.orgo.ee\/fi\/wp-json\/wp\/v2\/comments?post=1107"}],"version-history":[{"count":2,"href":"https:\/\/silm.orgo.ee\/fi\/wp-json\/wp\/v2\/pages\/1107\/revisions"}],"predecessor-version":[{"id":1110,"href":"https:\/\/silm.orgo.ee\/fi\/wp-json\/wp\/v2\/pages\/1107\/revisions\/1110"}],"wp:attachment":[{"href":"https:\/\/silm.orgo.ee\/fi\/wp-json\/wp\/v2\/media?parent=1107"}],"curies":[{"name":"wp","href":"https:\/\/api.w.org\/{rel}","templated":true}]}}