{"id":886,"date":"2026-03-09T14:17:45","date_gmt":"2026-03-09T14:17:45","guid":{"rendered":"https:\/\/silm.orgo.ee\/about-the-clinic\/"},"modified":"2026-04-17T14:51:56","modified_gmt":"2026-04-17T14:51:56","slug":"about-the-clinic","status":"publish","type":"page","link":"https:\/\/silm.orgo.ee\/en\/about-the-clinic\/","title":{"rendered":"About the clinic"},"content":{"rendered":"<div\n    class=\"alignfull wp-block-simple-hero alignfull lg:-mt-[140px] simple-hero-block relative overflow-hidden font-tt-commons flex flex-col lg:block\">\n\n    \n    <div class=\"simple-hero-bg-desktop hidden lg:block absolute inset-0\">\n                    <img decoding=\"async\" src=\"https:\/\/silm.orgo.ee\/app\/uploads\/2026\/03\/SILMALASER-X-STOCKMANN-by-Ichie-Visual-16.jpg\" alt=\"\" class=\"w-full h-full object-cover object-center\"\n                data-acf-inline-fields-uid=\"block_d0a40029b4d34aae5b98a442233ddc7ebg_image\" data-acf-inline-fields=\"[{&quot;fieldName&quot;:&quot;bg_image&quot;,&quot;fieldIcon&quot;:null,&quot;fieldLabel&quot;:&quot;Background Image&quot;,&quot;useExpandedEditor&quot;:false,&quot;popoverMinWidth&quot;:&quot;300px&quot;}]\" role=\"button\" tabindex=\"0\">\n            <\/div>\n\n    \n    <div class=\"hidden lg:block absolute left-0 top-0 h-full w-[65%] backdrop-blur-[50px] bg-white\/[0.01]\"\n        style=\"mask-image: linear-gradient(to right, black 0%, black 50%, transparent 100%); -webkit-mask-image: linear-gradient(to right, black 0%, black 50%, transparent 100%);\">\n    <\/div>\n\n    \n    <div class=\"hidden lg:block absolute inset-0 bg-gradient-to-r from-white\/80 via-white\/40 to-transparent\"><\/div>\n\n    \n    <div class=\"simple-hero-bg-mobile block lg:hidden w-full h-[260px] md:h-[340px] relative overflow-hidden\">\n                    <img decoding=\"async\" src=\"https:\/\/silm.orgo.ee\/app\/uploads\/2026\/03\/SILMALASER-X-STOCKMANN-by-Ichie-Visual-16.jpg\" alt=\"\"\n                class=\"w-full h-full object-cover object-center\">\n            <\/div>\n\n    \n    <div class=\"relative z-10 w-full bg-white lg:bg-transparent py-[40px] md:py-[48px] lg:pt-[200px] lg:pb-[120px]\">\n        <div class=\"max-w-[1440px] mx-auto px-6 md:px-12\">\n            <div class=\"max-w-[552px] flex flex-col gap-6\">\n                                    <h1 class=\"text-[36px] lg:text-[48px] leading-none font-normal text-[#1C1C1C] !text-[#1C1C1C]\"\n                        data-acf-inline-fields-uid=\"block_d0a40029b4d34aae5b98a442233ddc7etitle\" data-acf-inline-fields=\"[{&quot;fieldName&quot;:&quot;title&quot;,&quot;fieldIcon&quot;:null,&quot;fieldLabel&quot;:&quot;Title&quot;,&quot;useExpandedEditor&quot;:false,&quot;popoverMinWidth&quot;:&quot;300px&quot;}]\" role=\"button\" tabindex=\"0\">\n                        About the clinic\n                    <\/h1>\n                \n                                    <p class=\"text-[18px] lg:text-[24px] leading-[28px] lg:leading-[34px] text-[#1C1C1C] !text-[#1C1C1C]\" data-acf-inline-fields-uid=\"block_d0a40029b4d34aae5b98a442233ddc7edescription\" data-acf-inline-fields=\"[{&quot;fieldName&quot;:&quot;description&quot;,&quot;fieldIcon&quot;:null,&quot;fieldLabel&quot;:&quot;Description&quot;,&quot;useExpandedEditor&quot;:false,&quot;popoverMinWidth&quot;:&quot;300px&quot;}]\" role=\"button\" tabindex=\"0\">\n                        For over 25 years, Silmalaser Eye Clinic has been helping its patients say goodbye to glasses and contact lenses. We are the most experienced provider of laser eye surgery in Estonia and the only clinic that also performs laser lens replacement.\n                    <\/p>\n                \n                                    <div class=\"simple-hero-secondary-description text-[16px] lg:text-[18px] leading-[24px] text-[#1C1C1C] !text-[#1C1C1C] opacity-80 [&#038;_p]:mb-2 [&#038;_p:last-child]:mb-0 [&#038;_a]:underline [&#038;_a]:underline-offset-2 [&#038;_a:hover]:opacity-90\"\n                        data-acf-inline-fields-uid=\"block_d0a40029b4d34aae5b98a442233ddc7esecondary_description\" data-acf-inline-fields=\"[{&quot;fieldName&quot;:&quot;secondary_description&quot;,&quot;fieldIcon&quot;:null,&quot;fieldLabel&quot;:&quot;Secondary Description&quot;,&quot;useExpandedEditor&quot;:true,&quot;popoverMinWidth&quot;:&quot;600px&quot;}]\" role=\"button\" tabindex=\"0\">\n                        <p>As it is not always possible to get rid of glasses, we also offer virtually every method and option for diagnosing eye health and treating various eye diseases. Our greatest asset is our people: experienced ophthalmologists, surgeons, optometrists and nurses. Thanks to them, the eye centre is able to diagnose and treat virtually all of today\u2019s most common eye health problems.<\/p>\n<p>The eye clinic also sells a wide range of exclusive optics and sunglasses from quality manufacturers such as Serengeti, Lindberg, Dita, Starck, Maui Jim, Mykita, Modo, Matsuda, Lucas de Stael, and others.<\/p>\n\n                    <\/div>\n                \n                            <\/div>\n        <\/div>\n    <\/div>\n<\/div>\n<div class=\"gallery-block relative w-full bg-[#1C1C1C] overflow-hidden alignfull wp-block-gallery\">\n    \n    <div class=\"absolute -bottom-24 -right-24 w-[400px] h-[400px] pointer-events-none opacity-20\">\n        <svg width=\"220\" height=\"220\" viewBox=\"0 0 220 220\" fill=\"none\" xmlns=\"http:\/\/www.w3.org\/2000\/svg\"\n            class=\"w-full h-full\">\n            <ellipse cx=\"109.7\" cy=\"109.625\" rx=\"108.7\" ry=\"108.625\" stroke=\"white\" stroke-width=\"2\" \/>\n            <path\n                d=\"M54.6904 150.133C53.7856 145.445 53.3118 140.603 53.3118 135.65C53.3118 93.6556 87.3784 59.6124 129.402 59.6124C171.425 59.6124 205.492 93.6556 205.492 135.65C205.492 158.17 195.695 178.403 180.128 192.326\"\n                stroke=\"white\" stroke-width=\"2\" \/>\n            <path\n                d=\"M164.901 68.714C165.829 73.4577 166.314 78.3593 166.314 83.3742C166.314 125.369 132.248 159.412 90.2244 159.412C48.2011 159.412 14.1345 125.369 14.1345 83.3742C14.1345 61.2091 23.6249 41.2592 38.7665 27.3608\"\n                stroke=\"white\" stroke-width=\"2\" \/>\n        <\/svg>\n    <\/div>\n\n    <div class=\"relative w-full max-w-[1440px] mx-auto px-6 lg:px-12 py-12 z-10\">\n        \n        \n        <div class=\"flex flex-col gap-8 lg:hidden\">\n            \n            <div class=\"max-w-[532px]\">\n                                    <h2 class=\"text-white text-[2.5rem] leading-none font-normal font-tt-commons mb-6\">\n                        Kes me oleme?\n                    <\/h2>\n                                                    <p class=\"text-white text-base leading-relaxed font-normal font-tt-commons mb-8\">\n                        Silmalaser on pikima kogemusega ja laiap\u00f5hjalisem laserprotseduuride teostaja Eestis. Pakume laserkorrektsiooni nii l\u00fchi- kui kaugn\u00e4gelikele silmadele ja paljusid teisi kaasaegse silmakirurgia protseduure \u2013 n\u00e4iteks lisal\u00e4\u00e4tse paigaldus, l\u00e4\u00e4tsevahetus ja kaeoperatsioonid. Meie juurest saab abi enamike silmahaiguste puhul.\n                    <\/p>\n                                            <\/div>\n\n            \n                            <div class=\"relative gallery-swiper-wrap\">\n                    <div class=\"swiper gallery-swiper\">\n                        <div class=\"swiper-wrapper\">\n                                                            <div class=\"swiper-slide\">\n                                    <div class=\"aspect-4\/3 rounded-xl overflow-hidden\">\n                                        <img decoding=\"async\" src=\"https:\/\/silm.orgo.ee\/app\/uploads\/2026\/01\/c4aa793b3c6d2d9e380fd57c07419e41df51e45a-1024x683.jpg\"\n                                            alt=\"\"\n                                            class=\"w-full h-full object-cover\" loading=\"lazy\">\n                                    <\/div>\n                                <\/div>\n                                                            <div class=\"swiper-slide\">\n                                    <div class=\"aspect-4\/3 rounded-xl overflow-hidden\">\n                                        <img decoding=\"async\" src=\"https:\/\/silm.orgo.ee\/app\/uploads\/2026\/01\/3dc7b88012599bf0879fa797c6e466822f5e79c9-683x1024.jpg\"\n                                            alt=\"\"\n                                            class=\"w-full h-full object-cover\" loading=\"lazy\">\n                                    <\/div>\n                                <\/div>\n                                                            <div class=\"swiper-slide\">\n                                    <div class=\"aspect-4\/3 rounded-xl overflow-hidden\">\n                                        <img decoding=\"async\" src=\"https:\/\/silm.orgo.ee\/app\/uploads\/2026\/01\/5e54b50331f3a68b383a2f89cd4c39723eaf9722-683x1024.jpg\"\n                                            alt=\"\"\n                                            class=\"w-full h-full object-cover\" loading=\"lazy\">\n                                    <\/div>\n                                <\/div>\n                                                            <div class=\"swiper-slide\">\n                                    <div class=\"aspect-4\/3 rounded-xl overflow-hidden\">\n                                        <img decoding=\"async\" src=\"https:\/\/silm.orgo.ee\/app\/uploads\/2026\/01\/c7bdc55bf99417600fca4e65ae21714dde74941e-1024x683.jpg\"\n                                            alt=\"\"\n                                            class=\"w-full h-full object-cover\" loading=\"lazy\">\n                                    <\/div>\n                                <\/div>\n                                                            <div class=\"swiper-slide\">\n                                    <div class=\"aspect-4\/3 rounded-xl overflow-hidden\">\n                                        <img decoding=\"async\" src=\"https:\/\/silm.orgo.ee\/app\/uploads\/2026\/01\/71e03f2ed3b9148b5ce2d9576f902cc50cbdad21-1024x683.jpg\"\n                                            alt=\"\"\n                                            class=\"w-full h-full object-cover\" loading=\"lazy\">\n                                    <\/div>\n                                <\/div>\n                                                            <div class=\"swiper-slide\">\n                                    <div class=\"aspect-4\/3 rounded-xl overflow-hidden\">\n                                        <img decoding=\"async\" src=\"https:\/\/silm.orgo.ee\/app\/uploads\/2026\/01\/5bd185a4f246bd4965013150b51d9f1079d6c02e-683x1024.jpg\"\n                                            alt=\"\"\n                                            class=\"w-full h-full object-cover\" loading=\"lazy\">\n                                    <\/div>\n                                <\/div>\n                                                            <div class=\"swiper-slide\">\n                                    <div class=\"aspect-4\/3 rounded-xl overflow-hidden\">\n                                        <img decoding=\"async\" src=\"https:\/\/silm.orgo.ee\/app\/uploads\/2026\/01\/f09dfde3b845b03f2fa08c090eaf572cd54e40b4-1024x683.jpg\"\n                                            alt=\"\"\n                                            class=\"w-full h-full object-cover\" loading=\"lazy\">\n                                    <\/div>\n                                <\/div>\n                                                            <div class=\"swiper-slide\">\n                                    <div class=\"aspect-4\/3 rounded-xl overflow-hidden\">\n                                        <img decoding=\"async\" src=\"https:\/\/silm.orgo.ee\/app\/uploads\/2026\/01\/3324e7e11ba823b5972a70413a15f135246e508b-683x1024.jpg\"\n                                            alt=\"\"\n                                            class=\"w-full h-full object-cover\" loading=\"lazy\">\n                                    <\/div>\n                                <\/div>\n                                                    <\/div>\n                    <\/div>\n                    <div class=\"flex items-center justify-center gap-4 mt-6\">\n                        <button type=\"button\" class=\"gallery-swiper-prev z-10 size-12 shrink-0 rounded-full bg-white flex items-center justify-center hover:bg-gray-100 transition-colors text-[#1C1C1C]\" aria-label=\"Previous image\">\n                            <svg width=\"16\" height=\"16\" viewBox=\"0 0 16 16\" fill=\"none\" class=\"rotate-180\">\n                                <path d=\"M3 8H13M13 8L8 3M13 8L8 13\" stroke=\"currentColor\" stroke-width=\"2\" stroke-linecap=\"round\" stroke-linejoin=\"round\"\/>\n                            <\/svg>\n                        <\/button>\n                        <div class=\"gallery-swiper-pagination flex items-center justify-center gap-2\"><\/div>\n                        <button type=\"button\" class=\"gallery-swiper-next z-10 size-12 shrink-0 rounded-full bg-white flex items-center justify-center hover:bg-gray-100 transition-colors text-[#1C1C1C]\" aria-label=\"Next image\">\n                            <svg width=\"16\" height=\"16\" viewBox=\"0 0 16 16\" fill=\"none\">\n                                <path d=\"M3 8H13M13 8L8 3M13 8L8 13\" stroke=\"currentColor\" stroke-width=\"2\" stroke-linecap=\"round\" stroke-linejoin=\"round\"\/>\n                            <\/svg>\n                        <\/button>\n                    <\/div>\n                <\/div>\n                    <\/div>\n\n        \n        <div class=\"hidden lg:flex flex-col lg:flex-row gap-6\">\n\n            \n            <div class=\"w-full lg:w-1\/2 flex flex-col gap-4 lg:gap-6\">\n                \n                <div class=\"flex gap-4 lg:gap-6\">\n                    <div class=\"w-[70%] aspect-4\/3 rounded-xl overflow-hidden\">\n                                                    <img decoding=\"async\" src=\"https:\/\/silm.orgo.ee\/app\/uploads\/2026\/01\/c4aa793b3c6d2d9e380fd57c07419e41df51e45a-1024x683.jpg\"\n                                alt=\"\" class=\"w-full h-full object-cover\"\n                                loading=\"lazy\">\n                                            <\/div>\n                    <div class=\"w-[30%] aspect-3\/4 rounded-xl overflow-hidden\">\n                                                    <img decoding=\"async\" src=\"https:\/\/silm.orgo.ee\/app\/uploads\/2026\/01\/3dc7b88012599bf0879fa797c6e466822f5e79c9-683x1024.jpg\"\n                                alt=\"\" class=\"w-full h-full object-cover\"\n                                loading=\"lazy\">\n                                            <\/div>\n                <\/div>\n\n                \n                <div class=\"flex gap-4 lg:gap-6\">\n                    <div class=\"w-[30%] aspect-3\/4 rounded-xl overflow-hidden\">\n                                                    <img decoding=\"async\" src=\"https:\/\/silm.orgo.ee\/app\/uploads\/2026\/01\/5e54b50331f3a68b383a2f89cd4c39723eaf9722-683x1024.jpg\"\n                                alt=\"\" class=\"w-full h-full object-cover\"\n                                loading=\"lazy\">\n                                            <\/div>\n                    <div class=\"w-[70%] aspect-4\/3 rounded-xl overflow-hidden\">\n                                                    <img decoding=\"async\" src=\"https:\/\/silm.orgo.ee\/app\/uploads\/2026\/01\/c7bdc55bf99417600fca4e65ae21714dde74941e-1024x683.jpg\"\n                                alt=\"\" class=\"w-full h-full object-cover\"\n                                loading=\"lazy\">\n                                            <\/div>\n                <\/div>\n\n                \n                <div class=\"flex gap-4 lg:gap-6\">\n                    <div class=\"w-[70%] aspect-4\/3 rounded-xl overflow-hidden\">\n                                                    <img decoding=\"async\" src=\"https:\/\/silm.orgo.ee\/app\/uploads\/2026\/01\/71e03f2ed3b9148b5ce2d9576f902cc50cbdad21-1024x683.jpg\"\n                                alt=\"\" class=\"w-full h-full object-cover\"\n                                loading=\"lazy\">\n                                            <\/div>\n                    <div class=\"w-[30%] aspect-3\/4 rounded-xl overflow-hidden\">\n                                                    <img decoding=\"async\" src=\"https:\/\/silm.orgo.ee\/app\/uploads\/2026\/01\/5bd185a4f246bd4965013150b51d9f1079d6c02e-683x1024.jpg\"\n                                alt=\"\" class=\"w-full h-full object-cover\"\n                                loading=\"lazy\">\n                                            <\/div>\n                <\/div>\n            <\/div>\n\n            \n            <div class=\"w-full lg:w-1\/2 flex flex-col gap-6\">\n                \n                <div class=\"flex gap-4 lg:gap-6\">\n                    <div class=\"w-[70%] aspect-4\/3 rounded-xl overflow-hidden\">\n                                                    <img decoding=\"async\" src=\"https:\/\/silm.orgo.ee\/app\/uploads\/2026\/01\/f09dfde3b845b03f2fa08c090eaf572cd54e40b4-1024x683.jpg\"\n                                alt=\"\" class=\"w-full h-full object-cover\"\n                                loading=\"lazy\">\n                                            <\/div>\n                    <div class=\"w-[30%] aspect-3\/4 rounded-xl overflow-hidden\">\n                                                    <img decoding=\"async\" src=\"https:\/\/silm.orgo.ee\/app\/uploads\/2026\/01\/3324e7e11ba823b5972a70413a15f135246e508b-683x1024.jpg\"\n                                alt=\"\" class=\"w-full h-full object-cover\"\n                                loading=\"lazy\">\n                                            <\/div>\n                <\/div>\n\n                \n                <div class=\"flex-1 flex items-center pl-6 lg:pl-16 xl:pl-20 py-6 lg:py-0\">\n                    <div class=\"max-w-[532px]\">\n                                                    <h2\n                                class=\"text-white text-[2.5rem] lg:text-[3rem] leading-none font-normal font-tt-commons mb-6\">\n                                Kes me oleme?\n                            <\/h2>\n                        \n                                                    <p\n                                class=\"text-white text-base lg:text-lg leading-relaxed font-normal font-tt-commons mb-8\">\n                                Silmalaser on pikima kogemusega ja laiap\u00f5hjalisem laserprotseduuride teostaja Eestis. Pakume laserkorrektsiooni nii l\u00fchi- kui kaugn\u00e4gelikele silmadele ja paljusid teisi kaasaegse silmakirurgia protseduure \u2013 n\u00e4iteks lisal\u00e4\u00e4tse paigaldus, l\u00e4\u00e4tsevahetus ja kaeoperatsioonid. Meie juurest saab abi enamike silmahaiguste puhul.\n                            <\/p>\n                        \n                                            <\/div>\n                <\/div>\n            <\/div>\n\n        <\/div>\n    <\/div>\n<\/div>\n\n<script>\ndocument.addEventListener('DOMContentLoaded', function() {\n    if (typeof Swiper !== 'undefined' && document.querySelector('.gallery-swiper')) {\n        new Swiper('.gallery-swiper', {\n            slidesPerView: 1,\n            spaceBetween: 0,\n            loop: true,\n            pagination: {\n                el: '.gallery-swiper-pagination',\n                clickable: true,\n            },\n            navigation: {\n                nextEl: '.gallery-swiper-next',\n                prevEl: '.gallery-swiper-prev',\n            },\n        });\n    }\n});\n<\/script>\n\n<p><\/p>\n","protected":false},"excerpt":{"rendered":"","protected":false},"author":3,"featured_media":0,"parent":0,"menu_order":0,"comment_status":"closed","ping_status":"closed","template":"","meta":{"_acf_changed":false,"footnotes":""},"class_list":["post-886","page","type-page","status-publish","hentry"],"acf":[],"_links":{"self":[{"href":"https:\/\/silm.orgo.ee\/en\/wp-json\/wp\/v2\/pages\/886","targetHints":{"allow":["GET"]}}],"collection":[{"href":"https:\/\/silm.orgo.ee\/en\/wp-json\/wp\/v2\/pages"}],"about":[{"href":"https:\/\/silm.orgo.ee\/en\/wp-json\/wp\/v2\/types\/page"}],"author":[{"embeddable":true,"href":"https:\/\/silm.orgo.ee\/en\/wp-json\/wp\/v2\/users\/3"}],"replies":[{"embeddable":true,"href":"https:\/\/silm.orgo.ee\/en\/wp-json\/wp\/v2\/comments?post=886"}],"version-history":[{"count":5,"href":"https:\/\/silm.orgo.ee\/en\/wp-json\/wp\/v2\/pages\/886\/revisions"}],"predecessor-version":[{"id":1370,"href":"https:\/\/silm.orgo.ee\/en\/wp-json\/wp\/v2\/pages\/886\/revisions\/1370"}],"wp:attachment":[{"href":"https:\/\/silm.orgo.ee\/en\/wp-json\/wp\/v2\/media?parent=886"}],"curies":[{"name":"wp","href":"https:\/\/api.w.org\/{rel}","templated":true}]}}