{"id":1301,"date":"2026-02-05T12:35:30","date_gmt":"2026-02-05T12:35:30","guid":{"rendered":"https:\/\/silm.orgo.ee\/reminder-for-patients-2\/"},"modified":"2026-04-17T14:52:12","modified_gmt":"2026-04-17T14:52:12","slug":"reminder-for-patients-2","status":"publish","type":"page","link":"https:\/\/silm.orgo.ee\/en\/reminder-for-patients-2\/","title":{"rendered":"Reminder for patients"},"content":{"rendered":"<div\n    class=\"alignfull wp-block-simple-hero alignfull lg:-mt-[140px] simple-hero-block relative overflow-hidden font-tt-commons flex flex-col lg:block\">\n\n    \n    <div class=\"simple-hero-bg-desktop hidden lg:block absolute inset-0\">\n                    <img decoding=\"async\" src=\"https:\/\/silm.orgo.ee\/app\/uploads\/2026\/03\/Silmalaser_Optometristi-vastuvott-39-e1773321463603.jpg\" alt=\"\" class=\"w-full h-full object-cover object-center\"\n                data-acf-inline-fields-uid=\"block_04cc1cd8528993314237db64fab7df86bg_image\" data-acf-inline-fields=\"[{&quot;fieldName&quot;:&quot;bg_image&quot;,&quot;fieldIcon&quot;:null,&quot;fieldLabel&quot;:&quot;Background Image&quot;,&quot;useExpandedEditor&quot;:false,&quot;popoverMinWidth&quot;:&quot;300px&quot;}]\" role=\"button\" tabindex=\"0\">\n            <\/div>\n\n    \n    <div class=\"hidden lg:block absolute left-0 top-0 h-full w-[65%] backdrop-blur-[50px] bg-white\/[0.01]\"\n        style=\"mask-image: linear-gradient(to right, black 0%, black 50%, transparent 100%); -webkit-mask-image: linear-gradient(to right, black 0%, black 50%, transparent 100%);\">\n    <\/div>\n\n    \n    <div class=\"hidden lg:block absolute inset-0 bg-gradient-to-r from-black\/40 via-black\/20 to-transparent\"><\/div>\n\n    \n    <div class=\"simple-hero-bg-mobile block lg:hidden w-full h-[260px] md:h-[340px] relative overflow-hidden\">\n                    <img decoding=\"async\" src=\"https:\/\/silm.orgo.ee\/app\/uploads\/2026\/03\/Silmalaser_Optometristi-vastuvott-39-e1773321463603.jpg\" alt=\"\"\n                class=\"w-full h-full object-cover object-center\">\n            <\/div>\n\n    \n    <div class=\"relative z-10 w-full bg-[#1C1C1C] lg:bg-transparent py-[40px] md:py-[48px] lg:pt-[200px] lg:pb-[120px]\">\n        <div class=\"max-w-[1440px] mx-auto px-6 md:px-12\">\n            <div class=\"max-w-[552px] flex flex-col gap-6\">\n                                    <h1 class=\"text-[36px] lg:text-[48px] leading-none font-normal text-white !text-white\"\n                        data-acf-inline-fields-uid=\"block_04cc1cd8528993314237db64fab7df86title\" data-acf-inline-fields=\"[{&quot;fieldName&quot;:&quot;title&quot;,&quot;fieldIcon&quot;:null,&quot;fieldLabel&quot;:&quot;Title&quot;,&quot;useExpandedEditor&quot;:false,&quot;popoverMinWidth&quot;:&quot;300px&quot;}]\" role=\"button\" tabindex=\"0\">\n                        Patsiendi meelespea\n                    <\/h1>\n                \n                                    <p class=\"text-[18px] lg:text-[24px] leading-[28px] lg:leading-[34px] text-white !text-white\" data-acf-inline-fields-uid=\"block_04cc1cd8528993314237db64fab7df86description\" data-acf-inline-fields=\"[{&quot;fieldName&quot;:&quot;description&quot;,&quot;fieldIcon&quot;:null,&quot;fieldLabel&quot;:&quot;Description&quot;,&quot;useExpandedEditor&quot;:false,&quot;popoverMinWidth&quot;:&quot;300px&quot;}]\" role=\"button\" tabindex=\"0\">\n                        Siit leiad olulise info ja juhised, mis aitavad laseroperatsiooni p\u00e4evaks valmistuda.\n                    <\/p>\n                \n                \n                            <\/div>\n        <\/div>\n    <\/div>\n<\/div>\n\n\n<div\n    class=\"content-groups-block bg-white pt-0 pb-16 lg:py-24 overflow-hidden font-tt-commons alignfull wp-block-content-groups\">\n            \n        <div class=\"lg:hidden w-full bg-[#F3F4F9] px-6 md:px-12 pt-6 pb-6 mb-10\">\n            <div class=\"max-w-[1440px] mx-auto\">\n                <label for=\"content-groups-nav-select\" class=\"sr-only\">Content section<\/label>\n                <select id=\"content-groups-nav-select\"\n                    class=\"content-groups-nav-select w-full rounded-full border border-[#1C1C1C] py-3 px-5 text-[16px] font-medium leading-[24px] text-[#1C1C1C] bg-white appearance-none cursor-pointer pr-10 bg-no-repeat bg-[length:16px_16px] bg-[right_1rem_center]\"\n                    style=\"background-image: url('data:image\/svg+xml,%3Csvg width=%2216%22 height=%2216%22 viewBox=%220 0 16 16%22 fill=%22none%22 xmlns=%22http:\/\/www.w3.org\/2000\/svg%22%3E%3Cpath d=%22M4.41406 6.87891L6.70703 9.17187L6.70703 2.58594L8.70703 2.58594L8.70703 9.17187L11 6.87891L12.4141 8.29297L7.70703 13L3 8.29297L4.41406 6.87891Z%22 fill=%22%231C1C1C%22\/%3E%3C\/svg%3E');\"\n                    aria-label=\"Content navigation\">\n                                            <option value=\"enne-ja-parast-operatsiooni\">Enne ja p\u00e4rast operatsiooni<\/option>\n                                            <option value=\"parast-lasik-operatsiooni\">P\u00e4rast LASIK operatsiooni<\/option>\n                                            <option value=\"ei-tohi-teha\">Mida ei tohi teha p\u00e4rast operatsiooni?<\/option>\n                                    <\/select>\n            <\/div>\n        <\/div>\n\n        <div class=\"max-w-[1440px] mx-auto px-6 md:px-12\">\n            <div class=\"flex flex-col lg:flex-row lg:items-start gap-8 lg:gap-12\">\n                \n                <div class=\"hidden lg:block lg:w-[300px] shrink-0\">\n                    <nav class=\"lg:sticky lg:top-48 flex flex-col gap-12\"\n                        aria-label=\"Content navigation\">\n                                                    <a href=\"#enne-ja-parast-operatsiooni\"\n                                class=\"content-groups-nav-link group flex items-center gap-2 text-[16px] font-medium whitespace-nowrap transition-all duration-300 text-brand-blue\"\n                                data-target=\"enne-ja-parast-operatsiooni\">\n                                <span class=\"leading-[24px]\">Enne ja p\u00e4rast operatsiooni<\/span>\n                                <svg class=\"content-groups-nav-arrow w-4 h-4 shrink-0\" xmlns=\"http:\/\/www.w3.org\/2000\/svg\"\n                                    viewBox=\"0 0 16 16\" fill=\"none\">\n                                    <path\n                                        d=\"M4.41406 6.87891L6.70703 9.17187L6.70703 2.58594L8.70703 2.58594L8.70703 9.17187L11 6.87891L12.4141 8.29297L7.70703 13L3 8.29297L4.41406 6.87891Z\"\n                                        fill=\"currentColor\" \/>\n                                <\/svg>\n                            <\/a>\n                                                    <a href=\"#parast-lasik-operatsiooni\"\n                                class=\"content-groups-nav-link group flex items-center gap-2 text-[16px] font-medium whitespace-nowrap transition-all duration-300 text-brand-blue\"\n                                data-target=\"parast-lasik-operatsiooni\">\n                                <span class=\"leading-[24px]\">P\u00e4rast LASIK operatsiooni<\/span>\n                                <svg class=\"content-groups-nav-arrow w-4 h-4 shrink-0\" xmlns=\"http:\/\/www.w3.org\/2000\/svg\"\n                                    viewBox=\"0 0 16 16\" fill=\"none\">\n                                    <path\n                                        d=\"M4.41406 6.87891L6.70703 9.17187L6.70703 2.58594L8.70703 2.58594L8.70703 9.17187L11 6.87891L12.4141 8.29297L7.70703 13L3 8.29297L4.41406 6.87891Z\"\n                                        fill=\"currentColor\" \/>\n                                <\/svg>\n                            <\/a>\n                                                    <a href=\"#ei-tohi-teha\"\n                                class=\"content-groups-nav-link group flex items-center gap-2 text-[16px] font-medium whitespace-nowrap transition-all duration-300 text-brand-blue\"\n                                data-target=\"ei-tohi-teha\">\n                                <span class=\"leading-[24px]\">Mida ei tohi teha p\u00e4rast operatsiooni?<\/span>\n                                <svg class=\"content-groups-nav-arrow w-4 h-4 shrink-0\" xmlns=\"http:\/\/www.w3.org\/2000\/svg\"\n                                    viewBox=\"0 0 16 16\" fill=\"none\">\n                                    <path\n                                        d=\"M4.41406 6.87891L6.70703 9.17187L6.70703 2.58594L8.70703 2.58594L8.70703 9.17187L11 6.87891L12.4141 8.29297L7.70703 13L3 8.29297L4.41406 6.87891Z\"\n                                        fill=\"currentColor\" \/>\n                                <\/svg>\n                            <\/a>\n                                            <\/nav>\n                <\/div>\n\n                \n                <div class=\"flex-1 min-w-0 flex flex-col gap-14\">\n                                            <section id=\"enne-ja-parast-operatsiooni\" class=\"content-groups-section scroll-mt-32\">\n                            \n                            <h3 class=\"text-[28px] leading-[28px] font-normal text-[#1C1C1C] mb-6\">\n                                Enne ja p\u00e4rast operatsiooni\n                            <\/h3>\n\n                            \n                                                            <div class=\"content-groups-content text-[16px] leading-[24px] text-[#1C1C1C] max-w-[90%]\">\n                                    <h4>Eeluuringul pannakse silma pupilli laiendavat tilka &#8211; palun \u00e4ra tule vastuv\u00f5tule autoga!<\/h4>\n<h3>Kontaktil\u00e4\u00e4tsed<\/h3>\n<p>2 n\u00e4dalat enne operatsiooni ei tohi kanda kontaktl\u00e4\u00e4tsesid, et v\u00e4ltida sarvkesta kahjustusi.<\/p>\n<h3>Kosmeetika<\/h3>\n<p>Operatsioonip\u00e4eval ei tohi kasutada kosmeetikat ega parf\u00fc\u00fcme.<\/p>\n<h3>Riietus<\/h3>\n<p>Operatsioonip\u00e4eva riietus vali endale mugav. Ei tohiks kanda \u00fcle pea k\u00e4ivaid k\u00f5rge kaelusega r\u00f5ivaid.<\/p>\n<h3>Ravimid<\/h3>\n<p>Operatsioonip\u00e4evaks osta koju kunstpisartilgad \u201cSystane\u201d, mis on apteegis k\u00e4sim\u00fc\u00fcgis. Operatsioonip\u00e4eval annab arst retsepti antibiootikumi tilkadele, mida tuleb hakata kasutama alates esimesest operatsioonij\u00e4rgsest p\u00e4evast.<\/p>\n<h3>Saabumine<\/h3>\n<p>Operatsioonile peab tulema 15 minutit enne kokkulepitud aega. Kogu operatsioonip\u00e4eva kestvus patsiendile on ca 2 tundi.<\/p>\n<h3>Kaasa v\u00f5tta<\/h3>\n<ul>\n<li>Allkirjastatud tervishoiuteenuse osutamise leping ja t\u00e4idetud anamnees (kui ei ole eelnevalt digitaalselt allkirjastatud ja edastatud).<\/li>\n<li>Kui kodutee viib Tallinnast kaugemale, siis ka kunstpisartilgad.<\/li>\n<\/ul>\n<h3>Koju minek peale operatsiooni<\/h3>\n<p>Peale laseroperatsiooni ei tohi ise juhtida autot ega kasutada \u00fchistransporti. V\u00f5imalusel tuleks endale keegi j\u00e4rgi kutsuda v\u00f5i tellida takso.<\/p>\n<h3>J\u00e4relkontroll<\/h3>\n<p>Kohustuslikud kolm esimest operatsioonij\u00e4rgset silmade kontrolli on patsiendile tasuta. Esimene kontroll toimub tund peale operatsiooni, teine esimesel operatsioonij\u00e4rgsel p\u00e4eval ning kolmas 1 kuu m\u00f6\u00f6dudes.<\/p>\n\n                                <\/div>\n                            \n                            \n                                                    <\/section>\n                                            <section id=\"parast-lasik-operatsiooni\" class=\"content-groups-section scroll-mt-32\">\n                            \n                            <h3 class=\"text-[28px] leading-[28px] font-normal text-[#1C1C1C] mb-6\">\n                                P\u00e4rast LASIK operatsiooni\n                            <\/h3>\n\n                            \n                                                            <div class=\"content-groups-content text-[16px] leading-[24px] text-[#1C1C1C] max-w-[90%]\">\n                                    <p>Operatsioonip\u00e4eval tuleb arsti juhendi j\u00e4rgi tilgutada silmadesse kunstpisartilku Systane igal tunnil kuni magamaminekuni. Silmatilka tuleb tilgutada puudutades n\u00e4puga ainult alumist silmalaugu ja tilgutades \u00fclalt ravimit pudelist silma, nii et v\u00e4hemalt \u00fcks tilk satub silma. Samuti tuleb v\u00e4ltida opereeritud silma(de) puudutamist. Samal p\u00e4eval ei ole soovitav lugeda, t\u00f6\u00f6tada arvutiga ega olla ise autoroolis. P\u00e4rast operatsiooni on silmade kaitsmiseks ereda valguse ja silma sattuvate esemete eest vajalik p\u00e4ikeseprillide kasutamine. P\u00e4rast operatsiooni kingime patsiendile ka paari kvaliteetseid p\u00e4ikeseprille!<\/p>\n<h3>Alates esimesest operatsioonij\u00e4rgsest p\u00e4evast 7 p\u00e4eva jooksul<\/h3>\n<ul>\n<li>Tobradexi tilgad 4 korda p\u00e4evas. NB! Pudelit loksutada enne tilgutamist!<\/li>\n<li>Kunstpisarate tilgutamine vahelduvalt p\u00f5letikuvastaste tilkadega v\u00e4hemalt 5 korda p\u00e4evas.<\/li>\n<li>Keelatud silmade h\u00f5\u00f5rumine ja soovitav 5 p\u00e4eva jooksul peale operatsiooni mitte kasutada kosmeetikat (k.a n\u00e4okreem).<\/li>\n<\/ul>\n<h3>Alates teisest operatsioonij\u00e4rgsest n\u00e4dalast<\/h3>\n<ul>\n<li>Tilgutada v\u00e4hemalt 5 korda p\u00e4evas kunstpisaraid \u2013 vajadusel v\u00f5ib ka rohkem.<\/li>\n<li>P\u00f5letikuvastased tilgad v\u00f5ib \u00e4ra j\u00e4tta, kui arst ei m\u00e4\u00e4ra teisiti.<\/li>\n<li>Esimese kuu jooksul tuleb kindlasti kasutada kunstpisara tilku! Silmalde kuivuse puhul v\u00f5ib alustada pikematoimelise kunstpisara nagu Oftageel kasutamist (saadaval k\u00e4sim\u00fc\u00fcgis retseptita).<\/li>\n<\/ul>\n\n                                <\/div>\n                            \n                            \n                                                    <\/section>\n                                            <section id=\"ei-tohi-teha\" class=\"content-groups-section scroll-mt-32\">\n                            \n                            <h3 class=\"text-[28px] leading-[28px] font-normal text-[#1C1C1C] mb-6\">\n                                Mida ei tohi teha p\u00e4rast operatsiooni?\n                            <\/h3>\n\n                            \n                                                            <div class=\"content-groups-content text-[16px] leading-[24px] text-[#1C1C1C] max-w-[90%]\">\n                                    <ul>\n<li>\u00dche kuu v\u00e4ltel k\u00e4ia k\u00f5rge temperatuuriga saunalaval.<\/li>\n<li>Ujuda kloori sisaldavas basseinivees 3 n\u00e4dala jooksul p\u00e4rast operatsiooni.<\/li>\n<li>Kasutada kosmeetikat 5 p\u00e4eva jooksul peale operatsiooni ja k\u00e4ia kosmeetiku juures v\u00e4hemalt 3 n\u00e4dalat p\u00e4rast operatsiooni.<\/li>\n<li>Maksimaalse koormusega f\u00fc\u00fcsilisi harjutusi ei tohi teha 1 n\u00e4dal, aeroobika lubatud (v\u00e4ltida higi sattumist silma).<\/li>\n<li>V\u00e4ltida tuleb otsest l\u00f6\u00f6ki silma (kontaktspordi, pallim\u00e4ngude harrastamisel kasutada kaitseprille).<\/li>\n<li>Solaariumi k\u00fclastamine on keelatud 3 n\u00e4dala v\u00e4ltel ning hiljem tilgutada enne protseduuri silma kunstpisaraid.<\/li>\n<\/ul>\n\n                                <\/div>\n                            \n                            \n                                                            <div class=\"question-section-box mt-8 flex flex-col sm:flex-row sm:items-center gap-4 sm:gap-6 p-6 border-t-2 border-white bg-[#F5F6FF]\">\n                                    \n                                    <div class=\"flex shrink-0 items-center justify-center w-16 h-16 rounded-xl bg-brand-blue\/20\">\n                                        <svg class=\"w-6 h-6 text-brand-blue shrink-0\" xmlns=\"http:\/\/www.w3.org\/2000\/svg\" width=\"24\" height=\"24\" viewBox=\"0 0 24 24\" fill=\"none\" stroke=\"currentColor\" stroke-width=\"2\" stroke-linecap=\"round\" aria-hidden=\"true\">\n                                            <path d=\"M12 18V18.01M8 10C8 7.79086 9.79086 6 12 6C14.2091 6 16 7.79086 16 10C16 11.8675 14.7202 13.4361 12.9899 13.8766C12.4547 14.0128 12 14.4477 12 15M23 12C23 18.0751 18.0751 23 12 23C5.92487 23 1 18.0751 1 12C1 5.92487 5.92487 1 12 1C18.0751 1 23 5.92487 23 12Z\"\/>\n                                        <\/svg>\n                                    <\/div>\n                                    \n                                    <div class=\"min-w-0 flex-1\">\n                                        <h4 class=\"question-section-title text-[24px] leading-[28px] font-normal text-[#1C1C1C] mb-1\">\n                                            Kas teil on k\u00fcsimusi?\n                                        <\/h4>\n                                        <div class=\"question-section-body text-[16px] leading-[24px] text-[#1C1C1C] content-style\">\n                                                                                                                                            <p>Palun helistage registatuuri <a href=\"tel:+3726750017\" class=\"text-brand-blue underline hover:no-underline\">+372 675 0017<\/a>, kirjutage meile <a href=\"mailto:info@silmalaser.ee\" class=\"text-brand-blue underline hover:no-underline\">info@silmalaser.ee<\/a> v\u00f5i kasutage chat&#8217;i all paremal nurgas.<\/p>\n\n                                                                                    <\/div>\n                                    <\/div>\n                                <\/div>\n                                                    <\/section>\n                                    <\/div>\n            <\/div>\n        <\/div>\n    <\/div>\n\n\n<script>\n    document.addEventListener('DOMContentLoaded', function() {\n        const block = document.querySelector('.content-groups-block');\n        if (!block) return;\n\n        const navLinks = block.querySelectorAll('.content-groups-nav-link');\n        const sections = block.querySelectorAll('.content-groups-section');\n        const selectEl = block.querySelector('#content-groups-nav-select');\n\n        navLinks.forEach(link => {\n            link.addEventListener('click', function(e) {\n                e.preventDefault();\n                const targetId = this.getAttribute('href').substring(1);\n                const targetSection = document.getElementById(targetId);\n                if (targetSection) {\n                    targetSection.scrollIntoView({ behavior: 'smooth', block: 'start' });\n                }\n            });\n        });\n\n        if (selectEl && sections.length > 0) {\n            selectEl.addEventListener('change', function() {\n                const targetId = this.value;\n                const targetSection = document.getElementById(targetId);\n                if (targetSection) {\n                    targetSection.scrollIntoView({ behavior: 'smooth', block: 'start' });\n                }\n            });\n\n            const sectionIds = Array.from(sections).map(s => s.id).filter(Boolean);\n            if (sectionIds.length > 0) {\n                const observer = new IntersectionObserver(\n                    (entries) => {\n                        for (const entry of entries) {\n                            if (!entry.isIntersecting) continue;\n                            const id = entry.target.id;\n                            if (id && selectEl.value !== id) selectEl.value = id;\n                            break;\n                        }\n                    },\n                    { rootMargin: '-30% 0px -60% 0px', threshold: 0 }\n                );\n                sections.forEach(section => observer.observe(section));\n            }\n        }\n    });\n<\/script>\n","protected":false},"excerpt":{"rendered":"","protected":false},"author":1,"featured_media":1302,"parent":0,"menu_order":0,"comment_status":"closed","ping_status":"closed","template":"","meta":{"_acf_changed":false,"footnotes":""},"class_list":["post-1301","page","type-page","status-publish","has-post-thumbnail","hentry"],"acf":[],"_links":{"self":[{"href":"https:\/\/silm.orgo.ee\/en\/wp-json\/wp\/v2\/pages\/1301","targetHints":{"allow":["GET"]}}],"collection":[{"href":"https:\/\/silm.orgo.ee\/en\/wp-json\/wp\/v2\/pages"}],"about":[{"href":"https:\/\/silm.orgo.ee\/en\/wp-json\/wp\/v2\/types\/page"}],"author":[{"embeddable":true,"href":"https:\/\/silm.orgo.ee\/en\/wp-json\/wp\/v2\/users\/1"}],"replies":[{"embeddable":true,"href":"https:\/\/silm.orgo.ee\/en\/wp-json\/wp\/v2\/comments?post=1301"}],"version-history":[{"count":3,"href":"https:\/\/silm.orgo.ee\/en\/wp-json\/wp\/v2\/pages\/1301\/revisions"}],"predecessor-version":[{"id":1403,"href":"https:\/\/silm.orgo.ee\/en\/wp-json\/wp\/v2\/pages\/1301\/revisions\/1403"}],"wp:featuredmedia":[{"embeddable":true,"href":"https:\/\/silm.orgo.ee\/en\/wp-json\/wp\/v2\/media\/1302"}],"wp:attachment":[{"href":"https:\/\/silm.orgo.ee\/en\/wp-json\/wp\/v2\/media?parent=1301"}],"curies":[{"name":"wp","href":"https:\/\/api.w.org\/{rel}","templated":true}]}}